{"id":5614,"date":"2026-01-30T15:39:11","date_gmt":"2026-01-30T14:39:11","guid":{"rendered":"https:\/\/impactnettoyage.fr\/?page_id=5614"},"modified":"2026-01-30T16:40:42","modified_gmt":"2026-01-30T15:40:42","slug":"professionnel-du-nettoyage-des-vitres-et-de-la-remise-en-etat-des-sols","status":"publish","type":"page","link":"https:\/\/impactnettoyage.fr\/index.php\/services\/professionnel-du-nettoyage-des-vitres-et-de-la-remise-en-etat-des-sols\/","title":{"rendered":"Professionnel du nettoyage des vitres et de la remise en \u00e9tat des sols"},"content":{"rendered":"<div class=\"fusion-fullwidth fullwidth-box fusion-builder-row-1 fusion-flex-container nonhundred-percent-fullwidth non-hundred-percent-height-scrolling\" style=\"--awb-border-radius-top-left:0px;--awb-border-radius-top-right:0px;--awb-border-radius-bottom-right:0px;--awb-border-radius-bottom-left:0px;--awb-padding-right:0px;--awb-padding-left:0px;--awb-flex-wrap:wrap;\" ><div class=\"fusion-builder-row fusion-row fusion-flex-align-items-flex-start fusion-flex-content-wrap\" style=\"max-width:1185.6px;margin-left: calc(-4% \/ 2 );margin-right: calc(-4% \/ 2 );\"><div class=\"fusion-layout-column fusion_builder_column fusion-builder-column-0 fusion_builder_column_1_1 1_1 fusion-flex-column fusion-animated\" style=\"--awb-padding-top:40px;--awb-padding-right:40px;--awb-padding-bottom:40px;--awb-padding-left:40px;--awb-overflow:hidden;--awb-bg-position:left center;--awb-bg-size:cover;--awb-border-radius:8px 8px 8px 8px;--awb-width-large:100%;--awb-margin-top-large:0px;--awb-spacing-right-large:1.92%;--awb-margin-bottom-large:30px;--awb-spacing-left-large:1.92%;--awb-width-medium:100%;--awb-spacing-right-medium:1.92%;--awb-spacing-left-medium:1.92%;--awb-width-small:100%;--awb-spacing-right-small:1.92%;--awb-spacing-left-small:1.92%;\" data-animationType=\"fadeInUp\" data-animationDuration=\"1.0\" data-animationOffset=\"top-into-view\"><div class=\"fusion-column-wrapper lazyload fusion-column-has-shadow fusion-flex-justify-content-center fusion-content-layout-column fusion-column-has-bg-image\" data-bg-url=\"https:\/\/impactnettoyage.fr\/wp-content\/uploads\/2020\/03\/24-hour-callout-background.jpg\" data-bg=\"https:\/\/impactnettoyage.fr\/wp-content\/uploads\/2020\/03\/24-hour-callout-background.jpg\"><div class=\"fusion-builder-row fusion-builder-row-inner fusion-row fusion-flex-align-items-flex-start fusion-flex-content-wrap\" style=\"width:104% !important;max-width:104% !important;margin-left: calc(-4% \/ 2 );margin-right: calc(-4% \/ 2 );\"><div class=\"fusion-layout-column fusion_builder_column_inner fusion-builder-nested-column-0 fusion_builder_column_inner_1_2 1_2 fusion-flex-column fusion-no-small-visibility fusion-no-medium-visibility\" style=\"--awb-bg-size:cover;--awb-width-large:50%;--awb-margin-top-large:0px;--awb-spacing-right-large:3.84%;--awb-margin-bottom-large:0px;--awb-spacing-left-large:3.84%;--awb-width-medium:100%;--awb-spacing-right-medium:1.92%;--awb-spacing-left-medium:1.92%;--awb-width-small:100%;--awb-spacing-right-small:1.92%;--awb-spacing-left-small:1.92%;\"><div class=\"fusion-column-wrapper fusion-column-has-shadow fusion-flex-justify-content-center fusion-content-layout-column\"><div class=\"fusion-title title fusion-title-1 fusion-sep-none fusion-title-text fusion-title-size-two\" style=\"--awb-text-color:var(--awb-color1);--awb-margin-top:0px;--awb-margin-bottom:0px;--awb-margin-top-small:0px;--awb-margin-bottom-small:0px;--awb-font-size:2.2em;\"><h2 class=\"fusion-title-heading title-heading-left fusion-responsive-typography-calculated\" style=\"margin:0;text-transform:capitalize;font-size:1em;--fontSize:35.2;line-height:1.2;\">Contactez nous<\/h2><\/div><\/div><\/div><div class=\"fusion-layout-column fusion_builder_column_inner fusion-builder-nested-column-1 fusion_builder_column_inner_1_2 1_2 fusion-flex-column fusion-no-small-visibility fusion-no-medium-visibility\" style=\"--awb-bg-size:cover;--awb-width-large:50%;--awb-margin-top-large:0px;--awb-spacing-right-large:3.84%;--awb-margin-bottom-large:0px;--awb-spacing-left-large:3.84%;--awb-width-medium:100%;--awb-spacing-right-medium:1.92%;--awb-spacing-left-medium:1.92%;--awb-width-small:100%;--awb-spacing-right-small:1.92%;--awb-spacing-left-small:1.92%;\"><div class=\"fusion-column-wrapper fusion-column-has-shadow fusion-flex-justify-content-center fusion-content-layout-column\"><div style=\"text-align:right;\"><a class=\"fusion-button button-flat fusion-button-default-size button-custom fusion-button-default button-1 fusion-button-default-span fusion-button-default-type\" style=\"--button_accent_color:var(--awb-color5);--button_border_color:var(--awb-color5);--button_accent_hover_color:var(--awb-color1);--button_border_hover_color:var(--awb-color1);--button_gradient_top_color:var(--awb-color1);--button_gradient_bottom_color:var(--awb-color1);--button_gradient_top_color_hover:var(--awb-color5);--button_gradient_bottom_color_hover:var(--awb-color5);\" target=\"_self\" title=\"Explore All Of Our Services\" aria-label=\"Explore All Of Our Services\"><span class=\"fusion-button-text awb-button__text awb-button__text--default\">06 23 79 65 07<\/span><\/a><\/div><\/div><\/div><\/div><div class=\"fusion-builder-row fusion-builder-row-inner fusion-row fusion-flex-align-items-flex-start fusion-flex-content-wrap\" style=\"width:104% !important;max-width:104% !important;margin-left: calc(-4% \/ 2 );margin-right: calc(-4% \/ 2 );\"><div class=\"fusion-layout-column fusion_builder_column_inner fusion-builder-nested-column-2 fusion_builder_column_inner_1_2 1_2 fusion-flex-column fusion-no-large-visibility\" style=\"--awb-bg-size:cover;--awb-width-large:50%;--awb-margin-top-large:0px;--awb-spacing-right-large:3.84%;--awb-margin-bottom-large:0px;--awb-spacing-left-large:3.84%;--awb-width-medium:100%;--awb-spacing-right-medium:1.92%;--awb-spacing-left-medium:1.92%;--awb-width-small:100%;--awb-spacing-right-small:1.92%;--awb-spacing-left-small:1.92%;\"><div class=\"fusion-column-wrapper fusion-column-has-shadow fusion-flex-justify-content-center fusion-content-layout-column\"><div class=\"fusion-title title fusion-title-2 fusion-sep-none fusion-title-center fusion-title-text fusion-title-size-two\" style=\"--awb-text-color:var(--awb-color1);--awb-margin-top:0px;--awb-margin-bottom:0px;--awb-margin-top-small:0px;--awb-margin-bottom-small:30px;--awb-margin-bottom-medium:20px;--awb-font-size:2.2em;\"><h2 class=\"fusion-title-heading title-heading-center fusion-responsive-typography-calculated\" style=\"margin:0;text-transform:capitalize;font-size:1em;--fontSize:35.2;line-height:1.2;\">Contactez nous<\/h2><\/div><\/div><\/div><div class=\"fusion-layout-column fusion_builder_column_inner fusion-builder-nested-column-3 fusion_builder_column_inner_1_2 1_2 fusion-flex-column fusion-no-large-visibility\" style=\"--awb-bg-size:cover;--awb-width-large:50%;--awb-margin-top-large:0px;--awb-spacing-right-large:3.84%;--awb-margin-bottom-large:0px;--awb-spacing-left-large:3.84%;--awb-width-medium:100%;--awb-spacing-right-medium:1.92%;--awb-spacing-left-medium:1.92%;--awb-width-small:100%;--awb-spacing-right-small:1.92%;--awb-spacing-left-small:1.92%;\"><div class=\"fusion-column-wrapper fusion-column-has-shadow fusion-flex-justify-content-center fusion-content-layout-column\"><div style=\"text-align:center;\"><a class=\"fusion-button button-flat fusion-button-default-size button-custom fusion-button-default button-2 fusion-button-default-span fusion-button-default-type\" style=\"--button_accent_color:var(--awb-color5);--button_border_color:var(--awb-color5);--button_accent_hover_color:var(--awb-color1);--button_border_hover_color:var(--awb-color1);--button_gradient_top_color:var(--awb-color1);--button_gradient_bottom_color:var(--awb-color1);--button_gradient_top_color_hover:var(--awb-color5);--button_gradient_bottom_color_hover:var(--awb-color5);\" target=\"_self\" title=\"Explore All Of Our Services\" aria-label=\"Explore All Of Our Services\"><span class=\"fusion-button-text awb-button__text awb-button__text--default\">06 23 79 65 07<\/span><\/a><\/div><\/div><\/div><\/div><\/div><\/div><div class=\"fusion-layout-column fusion_builder_column fusion-builder-column-1 fusion_builder_column_1_1 1_1 fusion-flex-column fusion-animated\" style=\"--awb-bg-size:cover;--awb-width-large:100%;--awb-margin-top-large:0px;--awb-spacing-right-large:1.92%;--awb-margin-bottom-large:20px;--awb-spacing-left-large:1.92%;--awb-width-medium:100%;--awb-spacing-right-medium:1.92%;--awb-spacing-left-medium:1.92%;--awb-width-small:100%;--awb-spacing-right-small:1.92%;--awb-spacing-left-small:1.92%;\" data-animationType=\"fadeInUp\" data-animationDuration=\"1.0\" data-animationOffset=\"top-into-view\"><div class=\"fusion-column-wrapper fusion-column-has-shadow fusion-flex-justify-content-flex-start fusion-content-layout-column\"><div class=\"fusion-image-element \" style=\"--awb-caption-title-font-family:var(--h2_typography-font-family);--awb-caption-title-font-weight:var(--h2_typography-font-weight);--awb-caption-title-font-style:var(--h2_typography-font-style);--awb-caption-title-size:var(--h2_typography-font-size);--awb-caption-title-transform:var(--h2_typography-text-transform);--awb-caption-title-line-height:var(--h2_typography-line-height);--awb-caption-title-letter-spacing:var(--h2_typography-letter-spacing);\"><span class=\" fusion-imageframe imageframe-none imageframe-1 hover-type-none\" style=\"border-radius:8px;\"><img decoding=\"async\" width=\"1536\" height=\"1024\" title=\"ChatGPT Image 30 janv. 2026 \u00e0 08_26_03\" src=\"https:\/\/impactnettoyage.fr\/wp-content\/uploads\/2026\/01\/ChatGPT-Image-30-janv.-2026-a-08_26_03.png\" data-orig-src=\"https:\/\/impactnettoyage.fr\/wp-content\/uploads\/2026\/01\/ChatGPT-Image-30-janv.-2026-a-08_26_03.png\" alt class=\"lazyload img-responsive wp-image-5534\" srcset=\"data:image\/svg+xml,%3Csvg%20xmlns%3D%27http%3A%2F%2Fwww.w3.org%2F2000%2Fsvg%27%20width%3D%271536%27%20height%3D%271024%27%20viewBox%3D%270%200%201536%201024%27%3E%3Crect%20width%3D%271536%27%20height%3D%271024%27%20fill-opacity%3D%220%22%2F%3E%3C%2Fsvg%3E\" data-srcset=\"https:\/\/impactnettoyage.fr\/wp-content\/uploads\/2026\/01\/ChatGPT-Image-30-janv.-2026-a-08_26_03-200x133.png 200w, https:\/\/impactnettoyage.fr\/wp-content\/uploads\/2026\/01\/ChatGPT-Image-30-janv.-2026-a-08_26_03-400x267.png 400w, https:\/\/impactnettoyage.fr\/wp-content\/uploads\/2026\/01\/ChatGPT-Image-30-janv.-2026-a-08_26_03-600x400.png 600w, https:\/\/impactnettoyage.fr\/wp-content\/uploads\/2026\/01\/ChatGPT-Image-30-janv.-2026-a-08_26_03-800x533.png 800w, https:\/\/impactnettoyage.fr\/wp-content\/uploads\/2026\/01\/ChatGPT-Image-30-janv.-2026-a-08_26_03-1200x800.png 1200w, https:\/\/impactnettoyage.fr\/wp-content\/uploads\/2026\/01\/ChatGPT-Image-30-janv.-2026-a-08_26_03.png 1536w\" data-sizes=\"auto\" data-orig-sizes=\"(max-width: 1024px) 100vw, (max-width: 640px) 100vw, 1200px\" \/><\/span><\/div><div class=\"fusion-title title fusion-title-3 fusion-sep-none fusion-title-text fusion-title-size-three\" style=\"--awb-margin-top:40px;--awb-margin-bottom:30px;--awb-margin-top-small:40px;--awb-margin-bottom-small:30px;\"><h3 class=\"fusion-title-heading title-heading-left fusion-responsive-typography-calculated\" style=\"margin:0;text-transform:capitalize;--fontSize:28;line-height:1.2;\"><h2>Entreprise de nettoyage de vitre et de remise en \u00e9tat des sols pour entreprises, magasins et \u00e9tablissements publiques.<\/h2><\/h3><\/div><div class=\"fusion-text fusion-text-1\"><p data-start=\"455\" data-end=\"1019\">Votre image se joue avant m\u00eame le premier \u00e9change : fa\u00e7ade, vitrines, accueil, circulations. Des vitres impeccables augmentent la visibilit\u00e9, donnent envie d\u2019entrer et renforcent la confiance. Des sols remis en \u00e9tat effacent l\u2019effet \u201csale malgr\u00e9 le m\u00e9nage\u201d, uniformisent l\u2019apparence et rehaussent la perception de qualit\u00e9. Ensemble, vitres + sols optimisent la luminosit\u00e9, rendent vos espaces plus photog\u00e9niques (Google, site, r\u00e9seaux) et r\u00e9duisent les avis n\u00e9gatifs li\u00e9s \u00e0 l\u2019entretien. C\u2019est le niveau \u201cpr\u00e9-requis\u201d pour un point de vente ou des bureaux cr\u00e9dibles.<\/p>\n<p data-start=\"1184\" data-end=\"1809\">Au-del\u00e0 du rendu, vous gagnez en s\u00e9curit\u00e9, en budget et en simplicit\u00e9. Le travail en hauteur est r\u00e9alis\u00e9 avec les proc\u00e9dures, le mat\u00e9riel et les pratiques conformes : z\u00e9ro prise de risque pour vos \u00e9quipes, acc\u00e8s aux zones difficiles, finitions sans traces. La remise en \u00e9tat des sols retire films gras et couches encrass\u00e9es, puis permet une protection adapt\u00e9e : entretien quotidien plus rapide, moins de produits, moins de reprises. Vous prolongez la dur\u00e9e de vie des rev\u00eatements, retardez les remplacements co\u00fbteux et stabilisez vos standards. Et surtout : un seul interlocuteur local, r\u00e9actif, planifiable, peu chronophage.<\/p>\n<\/div><\/div><\/div><\/div><\/div>\n","protected":false},"excerpt":{"rendered":"","protected":false},"author":1,"featured_media":5595,"parent":14,"menu_order":0,"comment_status":"closed","ping_status":"closed","template":"100-width.php","meta":{"footnotes":""},"class_list":["post-5614","page","type-page","status-publish","has-post-thumbnail","hentry"],"yoast_head":"<!-- This site is optimized with the Yoast SEO plugin v27.3 - https:\/\/yoast.com\/product\/yoast-seo-wordpress\/ -->\n<title>Professionnel du nettoyage des vitres et de la remise en \u00e9tat des sols - Impact Nettoyage<\/title>\n<meta name=\"description\" content=\"Vous savez ce moment o\u00f9 vos locaux sont \u201cpropres\u201d, mais pas vraiment impeccables ? IMPACT NETTOYAGE aligne vitres et sols au standard pro : nettet\u00e9 visible, luminosit\u00e9 renforc\u00e9e, intervention simple, planifiable, locale.\" \/>\n<meta name=\"robots\" content=\"index, follow, max-snippet:-1, max-image-preview:large, max-video-preview:-1\" \/>\n<link rel=\"canonical\" href=\"https:\/\/impactnettoyage.fr\/index.php\/services\/professionnel-du-nettoyage-des-vitres-et-de-la-remise-en-etat-des-sols\/\" \/>\n<meta property=\"og:locale\" content=\"fr_FR\" \/>\n<meta property=\"og:type\" content=\"article\" \/>\n<meta property=\"og:title\" content=\"Professionnel du nettoyage des vitres et de la remise en \u00e9tat des sols - Impact Nettoyage\" \/>\n<meta property=\"og:description\" content=\"Vous savez ce moment o\u00f9 vos locaux sont \u201cpropres\u201d, mais pas vraiment impeccables ? IMPACT NETTOYAGE aligne vitres et sols au standard pro : nettet\u00e9 visible, luminosit\u00e9 renforc\u00e9e, intervention simple, planifiable, locale.\" \/>\n<meta property=\"og:url\" content=\"https:\/\/impactnettoyage.fr\/index.php\/services\/professionnel-du-nettoyage-des-vitres-et-de-la-remise-en-etat-des-sols\/\" \/>\n<meta property=\"og:site_name\" content=\"Impact Nettoyage\" \/>\n<meta property=\"article:modified_time\" content=\"2026-01-30T15:40:42+00:00\" \/>\n<meta property=\"og:image\" content=\"https:\/\/impactnettoyage.fr\/wp-content\/uploads\/2026\/01\/Fond-Marbre2-scaled.jpg\" \/>\n\t<meta property=\"og:image:width\" content=\"2560\" \/>\n\t<meta property=\"og:image:height\" content=\"1920\" \/>\n\t<meta property=\"og:image:type\" content=\"image\/jpeg\" \/>\n<meta name=\"twitter:card\" content=\"summary_large_image\" \/>\n<meta name=\"twitter:label1\" content=\"Dur\u00e9e de lecture estim\u00e9e\" \/>\n\t<meta name=\"twitter:data1\" content=\"2 minutes\" \/>\n<script type=\"application\/ld+json\" class=\"yoast-schema-graph\">{\"@context\":\"https:\\\/\\\/schema.org\",\"@graph\":[{\"@type\":\"WebPage\",\"@id\":\"https:\\\/\\\/impactnettoyage.fr\\\/index.php\\\/services\\\/professionnel-du-nettoyage-des-vitres-et-de-la-remise-en-etat-des-sols\\\/\",\"url\":\"https:\\\/\\\/impactnettoyage.fr\\\/index.php\\\/services\\\/professionnel-du-nettoyage-des-vitres-et-de-la-remise-en-etat-des-sols\\\/\",\"name\":\"Professionnel du nettoyage des vitres et de la remise en \u00e9tat des sols - Impact Nettoyage\",\"isPartOf\":{\"@id\":\"https:\\\/\\\/impactnettoyage.fr\\\/#website\"},\"primaryImageOfPage\":{\"@id\":\"https:\\\/\\\/impactnettoyage.fr\\\/index.php\\\/services\\\/professionnel-du-nettoyage-des-vitres-et-de-la-remise-en-etat-des-sols\\\/#primaryimage\"},\"image\":{\"@id\":\"https:\\\/\\\/impactnettoyage.fr\\\/index.php\\\/services\\\/professionnel-du-nettoyage-des-vitres-et-de-la-remise-en-etat-des-sols\\\/#primaryimage\"},\"thumbnailUrl\":\"https:\\\/\\\/impactnettoyage.fr\\\/wp-content\\\/uploads\\\/2026\\\/01\\\/Fond-Marbre2-scaled.jpg\",\"datePublished\":\"2026-01-30T14:39:11+00:00\",\"dateModified\":\"2026-01-30T15:40:42+00:00\",\"description\":\"Vous savez ce moment o\u00f9 vos locaux sont \u201cpropres\u201d, mais pas vraiment impeccables ? IMPACT NETTOYAGE aligne vitres et sols au standard pro : nettet\u00e9 visible, luminosit\u00e9 renforc\u00e9e, intervention simple, planifiable, locale.\",\"breadcrumb\":{\"@id\":\"https:\\\/\\\/impactnettoyage.fr\\\/index.php\\\/services\\\/professionnel-du-nettoyage-des-vitres-et-de-la-remise-en-etat-des-sols\\\/#breadcrumb\"},\"inLanguage\":\"fr-FR\",\"potentialAction\":[{\"@type\":\"ReadAction\",\"target\":[\"https:\\\/\\\/impactnettoyage.fr\\\/index.php\\\/services\\\/professionnel-du-nettoyage-des-vitres-et-de-la-remise-en-etat-des-sols\\\/\"]}]},{\"@type\":\"ImageObject\",\"inLanguage\":\"fr-FR\",\"@id\":\"https:\\\/\\\/impactnettoyage.fr\\\/index.php\\\/services\\\/professionnel-du-nettoyage-des-vitres-et-de-la-remise-en-etat-des-sols\\\/#primaryimage\",\"url\":\"https:\\\/\\\/impactnettoyage.fr\\\/wp-content\\\/uploads\\\/2026\\\/01\\\/Fond-Marbre2-scaled.jpg\",\"contentUrl\":\"https:\\\/\\\/impactnettoyage.fr\\\/wp-content\\\/uploads\\\/2026\\\/01\\\/Fond-Marbre2-scaled.jpg\",\"width\":2560,\"height\":1920},{\"@type\":\"BreadcrumbList\",\"@id\":\"https:\\\/\\\/impactnettoyage.fr\\\/index.php\\\/services\\\/professionnel-du-nettoyage-des-vitres-et-de-la-remise-en-etat-des-sols\\\/#breadcrumb\",\"itemListElement\":[{\"@type\":\"ListItem\",\"position\":1,\"name\":\"Accueil\",\"item\":\"https:\\\/\\\/impactnettoyage.fr\\\/\"},{\"@type\":\"ListItem\",\"position\":2,\"name\":\"Services\",\"item\":\"https:\\\/\\\/impactnettoyage.fr\\\/index.php\\\/services\\\/\"},{\"@type\":\"ListItem\",\"position\":3,\"name\":\"Professionnel du nettoyage des vitres et de la remise en \u00e9tat des sols\"}]},{\"@type\":\"WebSite\",\"@id\":\"https:\\\/\\\/impactnettoyage.fr\\\/#website\",\"url\":\"https:\\\/\\\/impactnettoyage.fr\\\/\",\"name\":\"Impact Nettoyage\",\"description\":\"Nous soignons votre image, vous gagnez des opportunit\u00e9s\",\"potentialAction\":[{\"@type\":\"SearchAction\",\"target\":{\"@type\":\"EntryPoint\",\"urlTemplate\":\"https:\\\/\\\/impactnettoyage.fr\\\/?s={search_term_string}\"},\"query-input\":{\"@type\":\"PropertyValueSpecification\",\"valueRequired\":true,\"valueName\":\"search_term_string\"}}],\"inLanguage\":\"fr-FR\"}]}<\/script>\n<!-- \/ Yoast SEO plugin. -->","yoast_head_json":{"title":"Professionnel du nettoyage des vitres et de la remise en \u00e9tat des sols - Impact Nettoyage","description":"Vous savez ce moment o\u00f9 vos locaux sont \u201cpropres\u201d, mais pas vraiment impeccables ? IMPACT NETTOYAGE aligne vitres et sols au standard pro : nettet\u00e9 visible, luminosit\u00e9 renforc\u00e9e, intervention simple, planifiable, locale.","robots":{"index":"index","follow":"follow","max-snippet":"max-snippet:-1","max-image-preview":"max-image-preview:large","max-video-preview":"max-video-preview:-1"},"canonical":"https:\/\/impactnettoyage.fr\/index.php\/services\/professionnel-du-nettoyage-des-vitres-et-de-la-remise-en-etat-des-sols\/","og_locale":"fr_FR","og_type":"article","og_title":"Professionnel du nettoyage des vitres et de la remise en \u00e9tat des sols - Impact Nettoyage","og_description":"Vous savez ce moment o\u00f9 vos locaux sont \u201cpropres\u201d, mais pas vraiment impeccables ? IMPACT NETTOYAGE aligne vitres et sols au standard pro : nettet\u00e9 visible, luminosit\u00e9 renforc\u00e9e, intervention simple, planifiable, locale.","og_url":"https:\/\/impactnettoyage.fr\/index.php\/services\/professionnel-du-nettoyage-des-vitres-et-de-la-remise-en-etat-des-sols\/","og_site_name":"Impact Nettoyage","article_modified_time":"2026-01-30T15:40:42+00:00","og_image":[{"width":2560,"height":1920,"url":"https:\/\/impactnettoyage.fr\/wp-content\/uploads\/2026\/01\/Fond-Marbre2-scaled.jpg","type":"image\/jpeg"}],"twitter_card":"summary_large_image","twitter_misc":{"Dur\u00e9e de lecture estim\u00e9e":"2 minutes"},"schema":{"@context":"https:\/\/schema.org","@graph":[{"@type":"WebPage","@id":"https:\/\/impactnettoyage.fr\/index.php\/services\/professionnel-du-nettoyage-des-vitres-et-de-la-remise-en-etat-des-sols\/","url":"https:\/\/impactnettoyage.fr\/index.php\/services\/professionnel-du-nettoyage-des-vitres-et-de-la-remise-en-etat-des-sols\/","name":"Professionnel du nettoyage des vitres et de la remise en \u00e9tat des sols - Impact Nettoyage","isPartOf":{"@id":"https:\/\/impactnettoyage.fr\/#website"},"primaryImageOfPage":{"@id":"https:\/\/impactnettoyage.fr\/index.php\/services\/professionnel-du-nettoyage-des-vitres-et-de-la-remise-en-etat-des-sols\/#primaryimage"},"image":{"@id":"https:\/\/impactnettoyage.fr\/index.php\/services\/professionnel-du-nettoyage-des-vitres-et-de-la-remise-en-etat-des-sols\/#primaryimage"},"thumbnailUrl":"https:\/\/impactnettoyage.fr\/wp-content\/uploads\/2026\/01\/Fond-Marbre2-scaled.jpg","datePublished":"2026-01-30T14:39:11+00:00","dateModified":"2026-01-30T15:40:42+00:00","description":"Vous savez ce moment o\u00f9 vos locaux sont \u201cpropres\u201d, mais pas vraiment impeccables ? IMPACT NETTOYAGE aligne vitres et sols au standard pro : nettet\u00e9 visible, luminosit\u00e9 renforc\u00e9e, intervention simple, planifiable, locale.","breadcrumb":{"@id":"https:\/\/impactnettoyage.fr\/index.php\/services\/professionnel-du-nettoyage-des-vitres-et-de-la-remise-en-etat-des-sols\/#breadcrumb"},"inLanguage":"fr-FR","potentialAction":[{"@type":"ReadAction","target":["https:\/\/impactnettoyage.fr\/index.php\/services\/professionnel-du-nettoyage-des-vitres-et-de-la-remise-en-etat-des-sols\/"]}]},{"@type":"ImageObject","inLanguage":"fr-FR","@id":"https:\/\/impactnettoyage.fr\/index.php\/services\/professionnel-du-nettoyage-des-vitres-et-de-la-remise-en-etat-des-sols\/#primaryimage","url":"https:\/\/impactnettoyage.fr\/wp-content\/uploads\/2026\/01\/Fond-Marbre2-scaled.jpg","contentUrl":"https:\/\/impactnettoyage.fr\/wp-content\/uploads\/2026\/01\/Fond-Marbre2-scaled.jpg","width":2560,"height":1920},{"@type":"BreadcrumbList","@id":"https:\/\/impactnettoyage.fr\/index.php\/services\/professionnel-du-nettoyage-des-vitres-et-de-la-remise-en-etat-des-sols\/#breadcrumb","itemListElement":[{"@type":"ListItem","position":1,"name":"Accueil","item":"https:\/\/impactnettoyage.fr\/"},{"@type":"ListItem","position":2,"name":"Services","item":"https:\/\/impactnettoyage.fr\/index.php\/services\/"},{"@type":"ListItem","position":3,"name":"Professionnel du nettoyage des vitres et de la remise en \u00e9tat des sols"}]},{"@type":"WebSite","@id":"https:\/\/impactnettoyage.fr\/#website","url":"https:\/\/impactnettoyage.fr\/","name":"Impact Nettoyage","description":"Nous soignons votre image, vous gagnez des opportunit\u00e9s","potentialAction":[{"@type":"SearchAction","target":{"@type":"EntryPoint","urlTemplate":"https:\/\/impactnettoyage.fr\/?s={search_term_string}"},"query-input":{"@type":"PropertyValueSpecification","valueRequired":true,"valueName":"search_term_string"}}],"inLanguage":"fr-FR"}]}},"_links":{"self":[{"href":"https:\/\/impactnettoyage.fr\/index.php\/wp-json\/wp\/v2\/pages\/5614","targetHints":{"allow":["GET"]}}],"collection":[{"href":"https:\/\/impactnettoyage.fr\/index.php\/wp-json\/wp\/v2\/pages"}],"about":[{"href":"https:\/\/impactnettoyage.fr\/index.php\/wp-json\/wp\/v2\/types\/page"}],"author":[{"embeddable":true,"href":"https:\/\/impactnettoyage.fr\/index.php\/wp-json\/wp\/v2\/users\/1"}],"replies":[{"embeddable":true,"href":"https:\/\/impactnettoyage.fr\/index.php\/wp-json\/wp\/v2\/comments?post=5614"}],"version-history":[{"count":2,"href":"https:\/\/impactnettoyage.fr\/index.php\/wp-json\/wp\/v2\/pages\/5614\/revisions"}],"predecessor-version":[{"id":5637,"href":"https:\/\/impactnettoyage.fr\/index.php\/wp-json\/wp\/v2\/pages\/5614\/revisions\/5637"}],"up":[{"embeddable":true,"href":"https:\/\/impactnettoyage.fr\/index.php\/wp-json\/wp\/v2\/pages\/14"}],"wp:featuredmedia":[{"embeddable":true,"href":"https:\/\/impactnettoyage.fr\/index.php\/wp-json\/wp\/v2\/media\/5595"}],"wp:attachment":[{"href":"https:\/\/impactnettoyage.fr\/index.php\/wp-json\/wp\/v2\/media?parent=5614"}],"curies":[{"name":"wp","href":"https:\/\/api.w.org\/{rel}","templated":true}]}}