{"id":5586,"date":"2026-01-30T13:48:34","date_gmt":"2026-01-30T12:48:34","guid":{"rendered":"https:\/\/impactnettoyage.fr\/?page_id=5586"},"modified":"2026-01-30T15:01:19","modified_gmt":"2026-01-30T14:01:19","slug":"nettoyage-approfondi-du-carrelage","status":"publish","type":"page","link":"https:\/\/impactnettoyage.fr\/index.php\/services\/nettoyage-approfondi-du-carrelage\/","title":{"rendered":"Nettoyage approfondi du carrelage"},"content":{"rendered":"<div class=\"fusion-fullwidth fullwidth-box fusion-builder-row-1 fusion-flex-container has-pattern-background has-mask-background nonhundred-percent-fullwidth non-hundred-percent-height-scrolling\" style=\"--awb-border-radius-top-left:0px;--awb-border-radius-top-right:0px;--awb-border-radius-bottom-right:0px;--awb-border-radius-bottom-left:0px;--awb-padding-right:0px;--awb-padding-left:0px;--awb-flex-wrap:wrap;\" ><div class=\"fusion-builder-row fusion-row fusion-flex-align-items-flex-start fusion-flex-content-wrap\" style=\"max-width:1185.6px;margin-left: calc(-4% \/ 2 );margin-right: calc(-4% \/ 2 );\"><div class=\"fusion-layout-column fusion_builder_column fusion-builder-column-0 fusion_builder_column_1_1 1_1 fusion-flex-column fusion-animated\" style=\"--awb-padding-top:40px;--awb-padding-right:40px;--awb-padding-bottom:40px;--awb-padding-left:40px;--awb-overflow:hidden;--awb-bg-position:left center;--awb-bg-size:cover;--awb-border-radius:8px 8px 8px 8px;--awb-width-large:100%;--awb-margin-top-large:0px;--awb-spacing-right-large:1.92%;--awb-margin-bottom-large:30px;--awb-spacing-left-large:1.92%;--awb-width-medium:100%;--awb-spacing-right-medium:1.92%;--awb-spacing-left-medium:1.92%;--awb-width-small:100%;--awb-spacing-right-small:1.92%;--awb-spacing-left-small:1.92%;\" data-animationType=\"fadeInUp\" data-animationDuration=\"1.0\" data-animationOffset=\"top-into-view\"><div class=\"fusion-column-wrapper lazyload fusion-column-has-shadow fusion-flex-justify-content-center fusion-content-layout-column fusion-column-has-bg-image\" data-bg-url=\"https:\/\/impactnettoyage.fr\/wp-content\/uploads\/2020\/03\/24-hour-callout-background.jpg\" data-bg=\"https:\/\/impactnettoyage.fr\/wp-content\/uploads\/2020\/03\/24-hour-callout-background.jpg\"><div class=\"fusion-builder-row fusion-builder-row-inner fusion-row fusion-flex-align-items-flex-start fusion-flex-content-wrap\" style=\"width:104% !important;max-width:104% !important;margin-left: calc(-4% \/ 2 );margin-right: calc(-4% \/ 2 );\"><div class=\"fusion-layout-column fusion_builder_column_inner fusion-builder-nested-column-0 fusion_builder_column_inner_1_2 1_2 fusion-flex-column fusion-no-small-visibility fusion-no-medium-visibility\" style=\"--awb-bg-size:cover;--awb-width-large:50%;--awb-margin-top-large:0px;--awb-spacing-right-large:3.84%;--awb-margin-bottom-large:0px;--awb-spacing-left-large:3.84%;--awb-width-medium:100%;--awb-spacing-right-medium:1.92%;--awb-spacing-left-medium:1.92%;--awb-width-small:100%;--awb-spacing-right-small:1.92%;--awb-spacing-left-small:1.92%;\"><div class=\"fusion-column-wrapper fusion-column-has-shadow fusion-flex-justify-content-center fusion-content-layout-column\"><div class=\"fusion-title title fusion-title-1 fusion-sep-none fusion-title-text fusion-title-size-two\" style=\"--awb-text-color:var(--awb-color1);--awb-margin-top:0px;--awb-margin-bottom:0px;--awb-margin-top-small:0px;--awb-margin-bottom-small:0px;--awb-font-size:2.2em;\"><h2 class=\"fusion-title-heading title-heading-left fusion-responsive-typography-calculated\" style=\"margin:0;text-transform:capitalize;font-size:1em;--fontSize:35.2;line-height:1.2;\">Contactez nous<\/h2><\/div><\/div><\/div><div class=\"fusion-layout-column fusion_builder_column_inner fusion-builder-nested-column-1 fusion_builder_column_inner_1_2 1_2 fusion-flex-column fusion-no-small-visibility fusion-no-medium-visibility\" style=\"--awb-bg-size:cover;--awb-width-large:50%;--awb-margin-top-large:0px;--awb-spacing-right-large:3.84%;--awb-margin-bottom-large:0px;--awb-spacing-left-large:3.84%;--awb-width-medium:100%;--awb-spacing-right-medium:1.92%;--awb-spacing-left-medium:1.92%;--awb-width-small:100%;--awb-spacing-right-small:1.92%;--awb-spacing-left-small:1.92%;\"><div class=\"fusion-column-wrapper fusion-column-has-shadow fusion-flex-justify-content-center fusion-content-layout-column\"><div style=\"text-align:right;\"><a class=\"fusion-button button-flat fusion-button-default-size button-custom fusion-button-default button-1 fusion-button-default-span fusion-button-default-type\" style=\"--button_accent_color:var(--awb-color5);--button_border_color:var(--awb-color5);--button_accent_hover_color:var(--awb-color1);--button_border_hover_color:var(--awb-color1);--button_gradient_top_color:var(--awb-color1);--button_gradient_bottom_color:var(--awb-color1);--button_gradient_top_color_hover:var(--awb-color5);--button_gradient_bottom_color_hover:var(--awb-color5);\" target=\"_self\" title=\"Explore All Of Our Services\" aria-label=\"Explore All Of Our Services\"><span class=\"fusion-button-text awb-button__text awb-button__text--default\">06 23 79 65 07<\/span><\/a><\/div><\/div><\/div><\/div><div class=\"fusion-builder-row fusion-builder-row-inner fusion-row fusion-flex-align-items-flex-start fusion-flex-content-wrap\" style=\"width:104% !important;max-width:104% !important;margin-left: calc(-4% \/ 2 );margin-right: calc(-4% \/ 2 );\"><div class=\"fusion-layout-column fusion_builder_column_inner fusion-builder-nested-column-2 fusion_builder_column_inner_1_2 1_2 fusion-flex-column fusion-no-large-visibility\" style=\"--awb-bg-size:cover;--awb-width-large:50%;--awb-margin-top-large:0px;--awb-spacing-right-large:3.84%;--awb-margin-bottom-large:0px;--awb-spacing-left-large:3.84%;--awb-width-medium:100%;--awb-spacing-right-medium:1.92%;--awb-spacing-left-medium:1.92%;--awb-width-small:100%;--awb-spacing-right-small:1.92%;--awb-spacing-left-small:1.92%;\"><div class=\"fusion-column-wrapper fusion-column-has-shadow fusion-flex-justify-content-center fusion-content-layout-column\"><div class=\"fusion-title title fusion-title-2 fusion-sep-none fusion-title-center fusion-title-text fusion-title-size-two\" style=\"--awb-text-color:var(--awb-color1);--awb-margin-top:0px;--awb-margin-bottom:0px;--awb-margin-top-small:0px;--awb-margin-bottom-small:30px;--awb-margin-bottom-medium:20px;--awb-font-size:2.2em;\"><h2 class=\"fusion-title-heading title-heading-center fusion-responsive-typography-calculated\" style=\"margin:0;text-transform:capitalize;font-size:1em;--fontSize:35.2;line-height:1.2;\">Contactez nous<\/h2><\/div><\/div><\/div><div class=\"fusion-layout-column fusion_builder_column_inner fusion-builder-nested-column-3 fusion_builder_column_inner_1_2 1_2 fusion-flex-column fusion-no-large-visibility\" style=\"--awb-bg-size:cover;--awb-width-large:50%;--awb-margin-top-large:0px;--awb-spacing-right-large:3.84%;--awb-margin-bottom-large:0px;--awb-spacing-left-large:3.84%;--awb-width-medium:100%;--awb-spacing-right-medium:1.92%;--awb-spacing-left-medium:1.92%;--awb-width-small:100%;--awb-spacing-right-small:1.92%;--awb-spacing-left-small:1.92%;\"><div class=\"fusion-column-wrapper fusion-column-has-shadow fusion-flex-justify-content-center fusion-content-layout-column\"><div style=\"text-align:center;\"><a class=\"fusion-button button-flat fusion-button-default-size button-custom fusion-button-default button-2 fusion-button-default-span fusion-button-default-type\" style=\"--button_accent_color:var(--awb-color5);--button_border_color:var(--awb-color5);--button_accent_hover_color:var(--awb-color1);--button_border_hover_color:var(--awb-color1);--button_gradient_top_color:var(--awb-color1);--button_gradient_bottom_color:var(--awb-color1);--button_gradient_top_color_hover:var(--awb-color5);--button_gradient_bottom_color_hover:var(--awb-color5);\" target=\"_self\" title=\"Explore All Of Our Services\" aria-label=\"Explore All Of Our Services\"><span class=\"fusion-button-text awb-button__text awb-button__text--default\">06 23 79 65 07<\/span><\/a><\/div><\/div><\/div><\/div><\/div><\/div><div class=\"fusion-layout-column fusion_builder_column fusion-builder-column-1 fusion_builder_column_1_1 1_1 fusion-flex-column fusion-animated\" style=\"--awb-bg-size:cover;--awb-width-large:100%;--awb-margin-top-large:0px;--awb-spacing-right-large:1.92%;--awb-margin-bottom-large:20px;--awb-spacing-left-large:1.92%;--awb-width-medium:100%;--awb-spacing-right-medium:1.92%;--awb-spacing-left-medium:1.92%;--awb-width-small:100%;--awb-spacing-right-small:1.92%;--awb-spacing-left-small:1.92%;\" data-animationType=\"fadeInUp\" data-animationDuration=\"1.0\" data-animationOffset=\"top-into-view\"><div class=\"fusion-column-wrapper fusion-column-has-shadow fusion-flex-justify-content-flex-start fusion-content-layout-column\"><div class=\"fusion-image-element \" style=\"--awb-caption-title-font-family:var(--h2_typography-font-family);--awb-caption-title-font-weight:var(--h2_typography-font-weight);--awb-caption-title-font-style:var(--h2_typography-font-style);--awb-caption-title-size:var(--h2_typography-font-size);--awb-caption-title-transform:var(--h2_typography-text-transform);--awb-caption-title-line-height:var(--h2_typography-line-height);--awb-caption-title-letter-spacing:var(--h2_typography-letter-spacing);\"><span class=\" fusion-imageframe imageframe-none imageframe-1 hover-type-none\" style=\"border-radius:8px;\"><img decoding=\"async\" width=\"576\" height=\"1024\" title=\"2ec87e3b-2b59-4b31-a510-55ad3cc2442b\" src=\"https:\/\/impactnettoyage.fr\/wp-content\/uploads\/2026\/01\/2ec87e3b-2b59-4b31-a510-55ad3cc2442b.jpg\" data-orig-src=\"https:\/\/impactnettoyage.fr\/wp-content\/uploads\/2026\/01\/2ec87e3b-2b59-4b31-a510-55ad3cc2442b.jpg\" alt class=\"lazyload img-responsive wp-image-5587\" srcset=\"data:image\/svg+xml,%3Csvg%20xmlns%3D%27http%3A%2F%2Fwww.w3.org%2F2000%2Fsvg%27%20width%3D%27576%27%20height%3D%271024%27%20viewBox%3D%270%200%20576%201024%27%3E%3Crect%20width%3D%27576%27%20height%3D%271024%27%20fill-opacity%3D%220%22%2F%3E%3C%2Fsvg%3E\" data-srcset=\"https:\/\/impactnettoyage.fr\/wp-content\/uploads\/2026\/01\/2ec87e3b-2b59-4b31-a510-55ad3cc2442b-200x356.jpg 200w, https:\/\/impactnettoyage.fr\/wp-content\/uploads\/2026\/01\/2ec87e3b-2b59-4b31-a510-55ad3cc2442b-400x711.jpg 400w, https:\/\/impactnettoyage.fr\/wp-content\/uploads\/2026\/01\/2ec87e3b-2b59-4b31-a510-55ad3cc2442b.jpg 576w\" data-sizes=\"auto\" data-orig-sizes=\"(max-width: 1024px) 100vw, (max-width: 640px) 100vw, 576px\" \/><\/span><\/div><div class=\"fusion-title title fusion-title-3 fusion-sep-none fusion-title-text fusion-title-size-three\" style=\"--awb-margin-top:40px;--awb-margin-bottom:30px;--awb-margin-top-small:40px;--awb-margin-bottom-small:30px;\"><h3 class=\"fusion-title-heading title-heading-left fusion-responsive-typography-calculated\" style=\"margin:0;text-transform:capitalize;--fontSize:28;line-height:1.2;\"><h2>Nettoyage approfondi du carrelage des entreprises, magasins et \u00e9tablissements publiques.<\/h2><\/h3><\/div><div class=\"fusion-text fusion-text-1\"><p data-start=\"383\" data-end=\"1016\">Un carrelage terne, marqu\u00e9 ou encrass\u00e9 envoie un message imm\u00e9diat : \u201cNous sommes n\u00e9gligeant\u201d. Et vos clients, partenaires ou candidats le per\u00e7oivent avant m\u00eame de regarder vos produits ou vos services. Le nettoyage approfondi d&rsquo;IMPACT NETTOYAGE redonne son \u00e9clat \u00e0 votre carrelage : suppression des voiles, traces noires, zones ternes, joints assainis, rendu homog\u00e8ne et lumineux. R\u00e9sultat : une meilleure premi\u00e8re impression, un point de vente plus accueillant, un bureau plus professionnel, et une image de marque renforc\u00e9e. Sans ce niveau d\u2019exigence, vous risquez des avis n\u00e9gatifs\u2026 et une cr\u00e9dibilit\u00e9 qui s\u2019\u00e9rode.<\/p>\n<p data-start=\"383\" data-end=\"1016\">Au-del\u00e0 du visuel, un d\u00e9crassage en profondeur r\u00e9duit les films gras et r\u00e9sidus responsables de glissades : vous limitez les accidents, donc votre responsabilit\u00e9. Le carrelage dure plus longtemps, les joints noircissent moins, et l\u2019entretien quotidien devient plus rapide, avec moins de produits et moins de temps mobilis\u00e9 en interne. IMPACT NETTOYAGE intervient de fa\u00e7on planifiable, autonome, et avec une logique r\u00e9currente pour stabiliser l\u2019aspect dans le temps (et appliquer une protection si besoin), sans perturber votre activit\u00e9. Si votre prestataire ne vous apporte pas \u00e7a, vous payez deux fois : en nettoyage\u2026 puis en usure, litiges ou travaux.<\/p>\n<\/div><\/div><\/div><\/div><\/div>\n","protected":false},"excerpt":{"rendered":"","protected":false},"author":1,"featured_media":1649,"parent":14,"menu_order":0,"comment_status":"closed","ping_status":"closed","template":"100-width.php","meta":{"footnotes":""},"class_list":["post-5586","page","type-page","status-publish","has-post-thumbnail","hentry"],"yoast_head":"<!-- This site is optimized with the Yoast SEO plugin v27.3 - https:\/\/yoast.com\/product\/yoast-seo-wordpress\/ -->\n<title>Nettoyage approfondi du carrelage - Impact Nettoyage<\/title>\n<meta name=\"description\" content=\"Vous sentez que votre carrelage \u201cfait moins propre\u201d qu\u2019avant ? IMPACT NETTOYAGE le d\u00e9crasse en profondeur, ravive l\u2019\u00e9clat et s\u00e9curise les sols. Intervention locale, autonome, planifiable. Devis rapide.\" \/>\n<meta name=\"robots\" content=\"index, follow, max-snippet:-1, max-image-preview:large, max-video-preview:-1\" \/>\n<link rel=\"canonical\" href=\"https:\/\/impactnettoyage.fr\/index.php\/services\/nettoyage-approfondi-du-carrelage\/\" \/>\n<meta property=\"og:locale\" content=\"fr_FR\" \/>\n<meta property=\"og:type\" content=\"article\" \/>\n<meta property=\"og:title\" content=\"Nettoyage approfondi du carrelage - Impact Nettoyage\" \/>\n<meta property=\"og:description\" content=\"Vous sentez que votre carrelage \u201cfait moins propre\u201d qu\u2019avant ? IMPACT NETTOYAGE le d\u00e9crasse en profondeur, ravive l\u2019\u00e9clat et s\u00e9curise les sols. Intervention locale, autonome, planifiable. Devis rapide.\" \/>\n<meta property=\"og:url\" content=\"https:\/\/impactnettoyage.fr\/index.php\/services\/nettoyage-approfondi-du-carrelage\/\" \/>\n<meta property=\"og:site_name\" content=\"Impact Nettoyage\" \/>\n<meta property=\"article:modified_time\" content=\"2026-01-30T14:01:19+00:00\" \/>\n<meta property=\"og:image\" content=\"https:\/\/impactnettoyage.fr\/wp-content\/uploads\/2024\/04\/IMG_1817-scaled.jpg\" \/>\n\t<meta property=\"og:image:width\" content=\"2560\" \/>\n\t<meta property=\"og:image:height\" content=\"1920\" \/>\n\t<meta property=\"og:image:type\" content=\"image\/jpeg\" \/>\n<meta name=\"twitter:card\" content=\"summary_large_image\" \/>\n<meta name=\"twitter:label1\" content=\"Dur\u00e9e de lecture estim\u00e9e\" \/>\n\t<meta name=\"twitter:data1\" content=\"2 minutes\" \/>\n<script type=\"application\/ld+json\" class=\"yoast-schema-graph\">{\"@context\":\"https:\\\/\\\/schema.org\",\"@graph\":[{\"@type\":\"WebPage\",\"@id\":\"https:\\\/\\\/impactnettoyage.fr\\\/index.php\\\/services\\\/nettoyage-approfondi-du-carrelage\\\/\",\"url\":\"https:\\\/\\\/impactnettoyage.fr\\\/index.php\\\/services\\\/nettoyage-approfondi-du-carrelage\\\/\",\"name\":\"Nettoyage approfondi du carrelage - Impact Nettoyage\",\"isPartOf\":{\"@id\":\"https:\\\/\\\/impactnettoyage.fr\\\/#website\"},\"primaryImageOfPage\":{\"@id\":\"https:\\\/\\\/impactnettoyage.fr\\\/index.php\\\/services\\\/nettoyage-approfondi-du-carrelage\\\/#primaryimage\"},\"image\":{\"@id\":\"https:\\\/\\\/impactnettoyage.fr\\\/index.php\\\/services\\\/nettoyage-approfondi-du-carrelage\\\/#primaryimage\"},\"thumbnailUrl\":\"https:\\\/\\\/impactnettoyage.fr\\\/wp-content\\\/uploads\\\/2024\\\/04\\\/IMG_1817-scaled.jpg\",\"datePublished\":\"2026-01-30T12:48:34+00:00\",\"dateModified\":\"2026-01-30T14:01:19+00:00\",\"description\":\"Vous sentez que votre carrelage \u201cfait moins propre\u201d qu\u2019avant ? IMPACT NETTOYAGE le d\u00e9crasse en profondeur, ravive l\u2019\u00e9clat et s\u00e9curise les sols. Intervention locale, autonome, planifiable. Devis rapide.\",\"breadcrumb\":{\"@id\":\"https:\\\/\\\/impactnettoyage.fr\\\/index.php\\\/services\\\/nettoyage-approfondi-du-carrelage\\\/#breadcrumb\"},\"inLanguage\":\"fr-FR\",\"potentialAction\":[{\"@type\":\"ReadAction\",\"target\":[\"https:\\\/\\\/impactnettoyage.fr\\\/index.php\\\/services\\\/nettoyage-approfondi-du-carrelage\\\/\"]}]},{\"@type\":\"ImageObject\",\"inLanguage\":\"fr-FR\",\"@id\":\"https:\\\/\\\/impactnettoyage.fr\\\/index.php\\\/services\\\/nettoyage-approfondi-du-carrelage\\\/#primaryimage\",\"url\":\"https:\\\/\\\/impactnettoyage.fr\\\/wp-content\\\/uploads\\\/2024\\\/04\\\/IMG_1817-scaled.jpg\",\"contentUrl\":\"https:\\\/\\\/impactnettoyage.fr\\\/wp-content\\\/uploads\\\/2024\\\/04\\\/IMG_1817-scaled.jpg\",\"width\":2560,\"height\":1920},{\"@type\":\"BreadcrumbList\",\"@id\":\"https:\\\/\\\/impactnettoyage.fr\\\/index.php\\\/services\\\/nettoyage-approfondi-du-carrelage\\\/#breadcrumb\",\"itemListElement\":[{\"@type\":\"ListItem\",\"position\":1,\"name\":\"Accueil\",\"item\":\"https:\\\/\\\/impactnettoyage.fr\\\/\"},{\"@type\":\"ListItem\",\"position\":2,\"name\":\"Services\",\"item\":\"https:\\\/\\\/impactnettoyage.fr\\\/index.php\\\/services\\\/\"},{\"@type\":\"ListItem\",\"position\":3,\"name\":\"Nettoyage approfondi du carrelage\"}]},{\"@type\":\"WebSite\",\"@id\":\"https:\\\/\\\/impactnettoyage.fr\\\/#website\",\"url\":\"https:\\\/\\\/impactnettoyage.fr\\\/\",\"name\":\"Impact Nettoyage\",\"description\":\"Nous soignons votre image, vous gagnez des opportunit\u00e9s\",\"potentialAction\":[{\"@type\":\"SearchAction\",\"target\":{\"@type\":\"EntryPoint\",\"urlTemplate\":\"https:\\\/\\\/impactnettoyage.fr\\\/?s={search_term_string}\"},\"query-input\":{\"@type\":\"PropertyValueSpecification\",\"valueRequired\":true,\"valueName\":\"search_term_string\"}}],\"inLanguage\":\"fr-FR\"}]}<\/script>\n<!-- \/ Yoast SEO plugin. -->","yoast_head_json":{"title":"Nettoyage approfondi du carrelage - Impact Nettoyage","description":"Vous sentez que votre carrelage \u201cfait moins propre\u201d qu\u2019avant ? IMPACT NETTOYAGE le d\u00e9crasse en profondeur, ravive l\u2019\u00e9clat et s\u00e9curise les sols. Intervention locale, autonome, planifiable. Devis rapide.","robots":{"index":"index","follow":"follow","max-snippet":"max-snippet:-1","max-image-preview":"max-image-preview:large","max-video-preview":"max-video-preview:-1"},"canonical":"https:\/\/impactnettoyage.fr\/index.php\/services\/nettoyage-approfondi-du-carrelage\/","og_locale":"fr_FR","og_type":"article","og_title":"Nettoyage approfondi du carrelage - Impact Nettoyage","og_description":"Vous sentez que votre carrelage \u201cfait moins propre\u201d qu\u2019avant ? IMPACT NETTOYAGE le d\u00e9crasse en profondeur, ravive l\u2019\u00e9clat et s\u00e9curise les sols. Intervention locale, autonome, planifiable. Devis rapide.","og_url":"https:\/\/impactnettoyage.fr\/index.php\/services\/nettoyage-approfondi-du-carrelage\/","og_site_name":"Impact Nettoyage","article_modified_time":"2026-01-30T14:01:19+00:00","og_image":[{"width":2560,"height":1920,"url":"https:\/\/impactnettoyage.fr\/wp-content\/uploads\/2024\/04\/IMG_1817-scaled.jpg","type":"image\/jpeg"}],"twitter_card":"summary_large_image","twitter_misc":{"Dur\u00e9e de lecture estim\u00e9e":"2 minutes"},"schema":{"@context":"https:\/\/schema.org","@graph":[{"@type":"WebPage","@id":"https:\/\/impactnettoyage.fr\/index.php\/services\/nettoyage-approfondi-du-carrelage\/","url":"https:\/\/impactnettoyage.fr\/index.php\/services\/nettoyage-approfondi-du-carrelage\/","name":"Nettoyage approfondi du carrelage - Impact Nettoyage","isPartOf":{"@id":"https:\/\/impactnettoyage.fr\/#website"},"primaryImageOfPage":{"@id":"https:\/\/impactnettoyage.fr\/index.php\/services\/nettoyage-approfondi-du-carrelage\/#primaryimage"},"image":{"@id":"https:\/\/impactnettoyage.fr\/index.php\/services\/nettoyage-approfondi-du-carrelage\/#primaryimage"},"thumbnailUrl":"https:\/\/impactnettoyage.fr\/wp-content\/uploads\/2024\/04\/IMG_1817-scaled.jpg","datePublished":"2026-01-30T12:48:34+00:00","dateModified":"2026-01-30T14:01:19+00:00","description":"Vous sentez que votre carrelage \u201cfait moins propre\u201d qu\u2019avant ? IMPACT NETTOYAGE le d\u00e9crasse en profondeur, ravive l\u2019\u00e9clat et s\u00e9curise les sols. Intervention locale, autonome, planifiable. Devis rapide.","breadcrumb":{"@id":"https:\/\/impactnettoyage.fr\/index.php\/services\/nettoyage-approfondi-du-carrelage\/#breadcrumb"},"inLanguage":"fr-FR","potentialAction":[{"@type":"ReadAction","target":["https:\/\/impactnettoyage.fr\/index.php\/services\/nettoyage-approfondi-du-carrelage\/"]}]},{"@type":"ImageObject","inLanguage":"fr-FR","@id":"https:\/\/impactnettoyage.fr\/index.php\/services\/nettoyage-approfondi-du-carrelage\/#primaryimage","url":"https:\/\/impactnettoyage.fr\/wp-content\/uploads\/2024\/04\/IMG_1817-scaled.jpg","contentUrl":"https:\/\/impactnettoyage.fr\/wp-content\/uploads\/2024\/04\/IMG_1817-scaled.jpg","width":2560,"height":1920},{"@type":"BreadcrumbList","@id":"https:\/\/impactnettoyage.fr\/index.php\/services\/nettoyage-approfondi-du-carrelage\/#breadcrumb","itemListElement":[{"@type":"ListItem","position":1,"name":"Accueil","item":"https:\/\/impactnettoyage.fr\/"},{"@type":"ListItem","position":2,"name":"Services","item":"https:\/\/impactnettoyage.fr\/index.php\/services\/"},{"@type":"ListItem","position":3,"name":"Nettoyage approfondi du carrelage"}]},{"@type":"WebSite","@id":"https:\/\/impactnettoyage.fr\/#website","url":"https:\/\/impactnettoyage.fr\/","name":"Impact Nettoyage","description":"Nous soignons votre image, vous gagnez des opportunit\u00e9s","potentialAction":[{"@type":"SearchAction","target":{"@type":"EntryPoint","urlTemplate":"https:\/\/impactnettoyage.fr\/?s={search_term_string}"},"query-input":{"@type":"PropertyValueSpecification","valueRequired":true,"valueName":"search_term_string"}}],"inLanguage":"fr-FR"}]}},"_links":{"self":[{"href":"https:\/\/impactnettoyage.fr\/index.php\/wp-json\/wp\/v2\/pages\/5586","targetHints":{"allow":["GET"]}}],"collection":[{"href":"https:\/\/impactnettoyage.fr\/index.php\/wp-json\/wp\/v2\/pages"}],"about":[{"href":"https:\/\/impactnettoyage.fr\/index.php\/wp-json\/wp\/v2\/types\/page"}],"author":[{"embeddable":true,"href":"https:\/\/impactnettoyage.fr\/index.php\/wp-json\/wp\/v2\/users\/1"}],"replies":[{"embeddable":true,"href":"https:\/\/impactnettoyage.fr\/index.php\/wp-json\/wp\/v2\/comments?post=5586"}],"version-history":[{"count":2,"href":"https:\/\/impactnettoyage.fr\/index.php\/wp-json\/wp\/v2\/pages\/5586\/revisions"}],"predecessor-version":[{"id":5590,"href":"https:\/\/impactnettoyage.fr\/index.php\/wp-json\/wp\/v2\/pages\/5586\/revisions\/5590"}],"up":[{"embeddable":true,"href":"https:\/\/impactnettoyage.fr\/index.php\/wp-json\/wp\/v2\/pages\/14"}],"wp:featuredmedia":[{"embeddable":true,"href":"https:\/\/impactnettoyage.fr\/index.php\/wp-json\/wp\/v2\/media\/1649"}],"wp:attachment":[{"href":"https:\/\/impactnettoyage.fr\/index.php\/wp-json\/wp\/v2\/media?parent=5586"}],"curies":[{"name":"wp","href":"https:\/\/api.w.org\/{rel}","templated":true}]}}