{"id":5583,"date":"2026-01-30T13:36:47","date_gmt":"2026-01-30T12:36:47","guid":{"rendered":"https:\/\/impactnettoyage.fr\/?page_id=5583"},"modified":"2026-01-30T13:36:47","modified_gmt":"2026-01-30T12:36:47","slug":"nettoyage-approfondi-des-moquettes","status":"publish","type":"page","link":"https:\/\/impactnettoyage.fr\/index.php\/services\/nettoyage-approfondi-des-moquettes\/","title":{"rendered":"Nettoyage approfondi des moquettes"},"content":{"rendered":"<div class=\"fusion-fullwidth fullwidth-box fusion-builder-row-1 fusion-flex-container nonhundred-percent-fullwidth non-hundred-percent-height-scrolling\" style=\"--awb-border-radius-top-left:0px;--awb-border-radius-top-right:0px;--awb-border-radius-bottom-right:0px;--awb-border-radius-bottom-left:0px;--awb-padding-right:0px;--awb-padding-left:0px;--awb-flex-wrap:wrap;\" ><div class=\"fusion-builder-row fusion-row fusion-flex-align-items-flex-start fusion-flex-content-wrap\" style=\"max-width:1185.6px;margin-left: calc(-4% \/ 2 );margin-right: calc(-4% \/ 2 );\"><div class=\"fusion-layout-column fusion_builder_column fusion-builder-column-0 fusion_builder_column_1_1 1_1 fusion-flex-column fusion-animated\" style=\"--awb-padding-top:40px;--awb-padding-right:40px;--awb-padding-bottom:40px;--awb-padding-left:40px;--awb-overflow:hidden;--awb-bg-position:left center;--awb-bg-size:cover;--awb-border-radius:8px 8px 8px 8px;--awb-width-large:100%;--awb-margin-top-large:0px;--awb-spacing-right-large:1.92%;--awb-margin-bottom-large:30px;--awb-spacing-left-large:1.92%;--awb-width-medium:100%;--awb-spacing-right-medium:1.92%;--awb-spacing-left-medium:1.92%;--awb-width-small:100%;--awb-spacing-right-small:1.92%;--awb-spacing-left-small:1.92%;\" data-animationType=\"fadeInUp\" data-animationDuration=\"1.0\" data-animationOffset=\"top-into-view\"><div class=\"fusion-column-wrapper lazyload fusion-column-has-shadow fusion-flex-justify-content-center fusion-content-layout-column fusion-column-has-bg-image\" data-bg-url=\"https:\/\/impactnettoyage.fr\/wp-content\/uploads\/2020\/03\/24-hour-callout-background.jpg\" data-bg=\"https:\/\/impactnettoyage.fr\/wp-content\/uploads\/2020\/03\/24-hour-callout-background.jpg\"><div class=\"fusion-builder-row fusion-builder-row-inner fusion-row fusion-flex-align-items-flex-start fusion-flex-content-wrap\" style=\"width:104% !important;max-width:104% !important;margin-left: calc(-4% \/ 2 );margin-right: calc(-4% \/ 2 );\"><div class=\"fusion-layout-column fusion_builder_column_inner fusion-builder-nested-column-0 fusion_builder_column_inner_1_2 1_2 fusion-flex-column fusion-no-small-visibility fusion-no-medium-visibility\" style=\"--awb-bg-size:cover;--awb-width-large:50%;--awb-margin-top-large:0px;--awb-spacing-right-large:3.84%;--awb-margin-bottom-large:0px;--awb-spacing-left-large:3.84%;--awb-width-medium:100%;--awb-spacing-right-medium:1.92%;--awb-spacing-left-medium:1.92%;--awb-width-small:100%;--awb-spacing-right-small:1.92%;--awb-spacing-left-small:1.92%;\"><div class=\"fusion-column-wrapper fusion-column-has-shadow fusion-flex-justify-content-center fusion-content-layout-column\"><div class=\"fusion-title title fusion-title-1 fusion-sep-none fusion-title-text fusion-title-size-two\" style=\"--awb-text-color:var(--awb-color1);--awb-margin-top:0px;--awb-margin-bottom:0px;--awb-margin-top-small:0px;--awb-margin-bottom-small:0px;--awb-font-size:2.2em;\"><h2 class=\"fusion-title-heading title-heading-left fusion-responsive-typography-calculated\" style=\"margin:0;text-transform:capitalize;font-size:1em;--fontSize:35.2;line-height:1.2;\">Contactez nous<\/h2><\/div><\/div><\/div><div class=\"fusion-layout-column fusion_builder_column_inner fusion-builder-nested-column-1 fusion_builder_column_inner_1_2 1_2 fusion-flex-column fusion-no-small-visibility fusion-no-medium-visibility\" style=\"--awb-bg-size:cover;--awb-width-large:50%;--awb-margin-top-large:0px;--awb-spacing-right-large:3.84%;--awb-margin-bottom-large:0px;--awb-spacing-left-large:3.84%;--awb-width-medium:100%;--awb-spacing-right-medium:1.92%;--awb-spacing-left-medium:1.92%;--awb-width-small:100%;--awb-spacing-right-small:1.92%;--awb-spacing-left-small:1.92%;\"><div class=\"fusion-column-wrapper fusion-column-has-shadow fusion-flex-justify-content-center fusion-content-layout-column\"><div style=\"text-align:right;\"><a class=\"fusion-button button-flat fusion-button-default-size button-custom fusion-button-default button-1 fusion-button-default-span fusion-button-default-type\" style=\"--button_accent_color:var(--awb-color5);--button_border_color:var(--awb-color5);--button_accent_hover_color:var(--awb-color1);--button_border_hover_color:var(--awb-color1);--button_gradient_top_color:var(--awb-color1);--button_gradient_bottom_color:var(--awb-color1);--button_gradient_top_color_hover:var(--awb-color5);--button_gradient_bottom_color_hover:var(--awb-color5);\" target=\"_self\" title=\"Explore All Of Our Services\" aria-label=\"Explore All Of Our Services\"><span class=\"fusion-button-text awb-button__text awb-button__text--default\">06 23 79 65 07<\/span><\/a><\/div><\/div><\/div><\/div><div class=\"fusion-builder-row fusion-builder-row-inner fusion-row fusion-flex-align-items-flex-start fusion-flex-content-wrap\" style=\"width:104% !important;max-width:104% !important;margin-left: calc(-4% \/ 2 );margin-right: calc(-4% \/ 2 );\"><div class=\"fusion-layout-column fusion_builder_column_inner fusion-builder-nested-column-2 fusion_builder_column_inner_1_2 1_2 fusion-flex-column fusion-no-large-visibility\" style=\"--awb-bg-size:cover;--awb-width-large:50%;--awb-margin-top-large:0px;--awb-spacing-right-large:3.84%;--awb-margin-bottom-large:0px;--awb-spacing-left-large:3.84%;--awb-width-medium:100%;--awb-spacing-right-medium:1.92%;--awb-spacing-left-medium:1.92%;--awb-width-small:100%;--awb-spacing-right-small:1.92%;--awb-spacing-left-small:1.92%;\"><div class=\"fusion-column-wrapper fusion-column-has-shadow fusion-flex-justify-content-center fusion-content-layout-column\"><div class=\"fusion-title title fusion-title-2 fusion-sep-none fusion-title-center fusion-title-text fusion-title-size-two\" style=\"--awb-text-color:var(--awb-color1);--awb-margin-top:0px;--awb-margin-bottom:0px;--awb-margin-top-small:0px;--awb-margin-bottom-small:30px;--awb-margin-bottom-medium:20px;--awb-font-size:2.2em;\"><h2 class=\"fusion-title-heading title-heading-center fusion-responsive-typography-calculated\" style=\"margin:0;text-transform:capitalize;font-size:1em;--fontSize:35.2;line-height:1.2;\">Contactez nous<\/h2><\/div><\/div><\/div><div class=\"fusion-layout-column fusion_builder_column_inner fusion-builder-nested-column-3 fusion_builder_column_inner_1_2 1_2 fusion-flex-column fusion-no-large-visibility\" style=\"--awb-bg-size:cover;--awb-width-large:50%;--awb-margin-top-large:0px;--awb-spacing-right-large:3.84%;--awb-margin-bottom-large:0px;--awb-spacing-left-large:3.84%;--awb-width-medium:100%;--awb-spacing-right-medium:1.92%;--awb-spacing-left-medium:1.92%;--awb-width-small:100%;--awb-spacing-right-small:1.92%;--awb-spacing-left-small:1.92%;\"><div class=\"fusion-column-wrapper fusion-column-has-shadow fusion-flex-justify-content-center fusion-content-layout-column\"><div style=\"text-align:center;\"><a class=\"fusion-button button-flat fusion-button-default-size button-custom fusion-button-default button-2 fusion-button-default-span fusion-button-default-type\" style=\"--button_accent_color:var(--awb-color5);--button_border_color:var(--awb-color5);--button_accent_hover_color:var(--awb-color1);--button_border_hover_color:var(--awb-color1);--button_gradient_top_color:var(--awb-color1);--button_gradient_bottom_color:var(--awb-color1);--button_gradient_top_color_hover:var(--awb-color5);--button_gradient_bottom_color_hover:var(--awb-color5);\" target=\"_self\" title=\"Explore All Of Our Services\" aria-label=\"Explore All Of Our Services\"><span class=\"fusion-button-text awb-button__text awb-button__text--default\">06 23 79 65 07<\/span><\/a><\/div><\/div><\/div><\/div><\/div><\/div><div class=\"fusion-layout-column fusion_builder_column fusion-builder-column-1 fusion_builder_column_1_1 1_1 fusion-flex-column fusion-animated\" style=\"--awb-bg-size:cover;--awb-width-large:100%;--awb-margin-top-large:0px;--awb-spacing-right-large:1.92%;--awb-margin-bottom-large:20px;--awb-spacing-left-large:1.92%;--awb-width-medium:100%;--awb-spacing-right-medium:1.92%;--awb-spacing-left-medium:1.92%;--awb-width-small:100%;--awb-spacing-right-small:1.92%;--awb-spacing-left-small:1.92%;\" data-animationType=\"fadeInUp\" data-animationDuration=\"1.0\" data-animationOffset=\"top-into-view\"><div class=\"fusion-column-wrapper fusion-column-has-shadow fusion-flex-justify-content-flex-start fusion-content-layout-column\"><div class=\"fusion-image-element \" style=\"--awb-caption-title-font-family:var(--h2_typography-font-family);--awb-caption-title-font-weight:var(--h2_typography-font-weight);--awb-caption-title-font-style:var(--h2_typography-font-style);--awb-caption-title-size:var(--h2_typography-font-size);--awb-caption-title-transform:var(--h2_typography-text-transform);--awb-caption-title-line-height:var(--h2_typography-line-height);--awb-caption-title-letter-spacing:var(--h2_typography-letter-spacing);\"><span class=\" fusion-imageframe imageframe-none imageframe-1 hover-type-none\" style=\"border-radius:8px;\"><img decoding=\"async\" width=\"2046\" height=\"1535\" title=\"IMG_0706-COLLAGE\" src=\"https:\/\/impactnettoyage.fr\/wp-content\/uploads\/2024\/01\/IMG_0706-COLLAGE.jpg\" data-orig-src=\"https:\/\/impactnettoyage.fr\/wp-content\/uploads\/2024\/01\/IMG_0706-COLLAGE.jpg\" alt class=\"lazyload img-responsive wp-image-1552\" srcset=\"data:image\/svg+xml,%3Csvg%20xmlns%3D%27http%3A%2F%2Fwww.w3.org%2F2000%2Fsvg%27%20width%3D%272046%27%20height%3D%271535%27%20viewBox%3D%270%200%202046%201535%27%3E%3Crect%20width%3D%272046%27%20height%3D%271535%27%20fill-opacity%3D%220%22%2F%3E%3C%2Fsvg%3E\" data-srcset=\"https:\/\/impactnettoyage.fr\/wp-content\/uploads\/2024\/01\/IMG_0706-COLLAGE-200x150.jpg 200w, https:\/\/impactnettoyage.fr\/wp-content\/uploads\/2024\/01\/IMG_0706-COLLAGE-400x300.jpg 400w, https:\/\/impactnettoyage.fr\/wp-content\/uploads\/2024\/01\/IMG_0706-COLLAGE-600x450.jpg 600w, https:\/\/impactnettoyage.fr\/wp-content\/uploads\/2024\/01\/IMG_0706-COLLAGE-800x600.jpg 800w, https:\/\/impactnettoyage.fr\/wp-content\/uploads\/2024\/01\/IMG_0706-COLLAGE-1200x900.jpg 1200w, https:\/\/impactnettoyage.fr\/wp-content\/uploads\/2024\/01\/IMG_0706-COLLAGE.jpg 2046w\" data-sizes=\"auto\" data-orig-sizes=\"(max-width: 1024px) 100vw, (max-width: 640px) 100vw, 1200px\" \/><\/span><\/div><div class=\"fusion-title title fusion-title-3 fusion-sep-none fusion-title-text fusion-title-size-three\" style=\"--awb-margin-top:40px;--awb-margin-bottom:30px;--awb-margin-top-small:40px;--awb-margin-bottom-small:30px;\"><h3 class=\"fusion-title-heading title-heading-left fusion-responsive-typography-calculated\" style=\"margin:0;text-transform:capitalize;--fontSize:28;line-height:1.2;\"><h2>Nettoyage approfondi des moquettes d&rsquo;entreprise, de magasin et d&rsquo;\u00e9tablissement publique.<\/h2><\/h3><\/div><div class=\"fusion-text fusion-text-1\"><p data-start=\"365\" data-end=\"973\">Dans des locaux professionnel ou accueillant du publique, la moquette encaisse tout : passages r\u00e9p\u00e9t\u00e9s, taches incrust\u00e9es, poussi\u00e8res, odeurs et allerg\u00e8nes. La technique de nettoyage des moquette que mets en place IMPACT NETTOYAGE agit au c\u0153ur des fibres : il d\u00e9colle les salissures, supprime les marques tenaces et d\u00e9sinfecte naturellement, sans produits chimiques. R\u00e9sultat : aucune sensation de \u201cr\u00e9sidu collant\u201d, des couleurs respect\u00e9es, une remise en \u00e9tat visuelle imm\u00e9diate et une moquette qui reste propre plus longtemps. C\u2019est le minimum pour pr\u00e9server l\u2019hygi\u00e8ne per\u00e7ue\u2026 et \u00e9viter que votre sol devienne un point faible visible.<\/p>\n<p data-start=\"365\" data-end=\"973\">Vos \u00e9quipes et vos visiteurs ressentent imm\u00e9diatement la diff\u00e9rence : air plus sain, moins d\u2019allerg\u00e8nes, destruction des bact\u00e9ries et acariens, et disparition des mauvaises odeurs. La m\u00e9thode utilis\u00e9 limite l\u2019humidit\u00e9 r\u00e9siduelle, acc\u00e9l\u00e8re le s\u00e9chage et r\u00e9duit les risques de glissade \u2014 essentiel en zones \u00e0 fort passage. L\u2019intervention est rapide, efficace, peu bruyante et compatible avec l\u2019activit\u00e9 de vos locaux : vous gardez le contr\u00f4le, sans organisation lourde. Et surtout, vous prot\u00e9gez votre investissement : une moquette entretenue en profondeur dure plus longtemps, tout en valorisant l\u2019image professionnelle de votre \u00e9tablissement.<\/p>\n<\/div><\/div><\/div><\/div><\/div>\n","protected":false},"excerpt":{"rendered":"","protected":false},"author":1,"featured_media":5542,"parent":14,"menu_order":0,"comment_status":"closed","ping_status":"closed","template":"100-width.php","meta":{"footnotes":""},"class_list":["post-5583","page","type-page","status-publish","has-post-thumbnail","hentry"],"yoast_head":"<!-- This site is optimized with the Yoast SEO plugin v27.3 - https:\/\/yoast.com\/product\/yoast-seo-wordpress\/ -->\n<title>Nettoyage approfondi des moquettes - Impact Nettoyage<\/title>\n<meta name=\"description\" content=\"Moquettes ternes, taches qui reviennent, odeurs persistantes ? IMPACT NETTOYAGE nettoie \u00e0 la vapeur en profondeur, d\u00e9sinfecte sans chimie agressive, s\u00e9chage rapide. Prestataire local : devis rapide.\" \/>\n<meta name=\"robots\" content=\"index, follow, max-snippet:-1, max-image-preview:large, max-video-preview:-1\" \/>\n<link rel=\"canonical\" href=\"https:\/\/impactnettoyage.fr\/index.php\/services\/nettoyage-approfondi-des-moquettes\/\" \/>\n<meta property=\"og:locale\" content=\"fr_FR\" \/>\n<meta property=\"og:type\" content=\"article\" \/>\n<meta property=\"og:title\" content=\"Nettoyage approfondi des moquettes - Impact Nettoyage\" \/>\n<meta property=\"og:description\" content=\"Moquettes ternes, taches qui reviennent, odeurs persistantes ? IMPACT NETTOYAGE nettoie \u00e0 la vapeur en profondeur, d\u00e9sinfecte sans chimie agressive, s\u00e9chage rapide. Prestataire local : devis rapide.\" \/>\n<meta property=\"og:url\" content=\"https:\/\/impactnettoyage.fr\/index.php\/services\/nettoyage-approfondi-des-moquettes\/\" \/>\n<meta property=\"og:site_name\" content=\"Impact Nettoyage\" \/>\n<meta property=\"og:image\" content=\"https:\/\/impactnettoyage.fr\/wp-content\/uploads\/2026\/01\/Raclette-vitre.png\" \/>\n\t<meta property=\"og:image:width\" content=\"1536\" \/>\n\t<meta property=\"og:image:height\" content=\"1024\" \/>\n\t<meta property=\"og:image:type\" content=\"image\/png\" \/>\n<meta name=\"twitter:card\" content=\"summary_large_image\" \/>\n<meta name=\"twitter:label1\" content=\"Dur\u00e9e de lecture estim\u00e9e\" \/>\n\t<meta name=\"twitter:data1\" content=\"2 minutes\" \/>\n<script type=\"application\/ld+json\" class=\"yoast-schema-graph\">{\"@context\":\"https:\\\/\\\/schema.org\",\"@graph\":[{\"@type\":\"WebPage\",\"@id\":\"https:\\\/\\\/impactnettoyage.fr\\\/index.php\\\/services\\\/nettoyage-approfondi-des-moquettes\\\/\",\"url\":\"https:\\\/\\\/impactnettoyage.fr\\\/index.php\\\/services\\\/nettoyage-approfondi-des-moquettes\\\/\",\"name\":\"Nettoyage approfondi des moquettes - Impact Nettoyage\",\"isPartOf\":{\"@id\":\"https:\\\/\\\/impactnettoyage.fr\\\/#website\"},\"primaryImageOfPage\":{\"@id\":\"https:\\\/\\\/impactnettoyage.fr\\\/index.php\\\/services\\\/nettoyage-approfondi-des-moquettes\\\/#primaryimage\"},\"image\":{\"@id\":\"https:\\\/\\\/impactnettoyage.fr\\\/index.php\\\/services\\\/nettoyage-approfondi-des-moquettes\\\/#primaryimage\"},\"thumbnailUrl\":\"https:\\\/\\\/impactnettoyage.fr\\\/wp-content\\\/uploads\\\/2026\\\/01\\\/Raclette-vitre.png\",\"datePublished\":\"2026-01-30T12:36:47+00:00\",\"description\":\"Moquettes ternes, taches qui reviennent, odeurs persistantes ? IMPACT NETTOYAGE nettoie \u00e0 la vapeur en profondeur, d\u00e9sinfecte sans chimie agressive, s\u00e9chage rapide. Prestataire local : devis rapide.\",\"breadcrumb\":{\"@id\":\"https:\\\/\\\/impactnettoyage.fr\\\/index.php\\\/services\\\/nettoyage-approfondi-des-moquettes\\\/#breadcrumb\"},\"inLanguage\":\"fr-FR\",\"potentialAction\":[{\"@type\":\"ReadAction\",\"target\":[\"https:\\\/\\\/impactnettoyage.fr\\\/index.php\\\/services\\\/nettoyage-approfondi-des-moquettes\\\/\"]}]},{\"@type\":\"ImageObject\",\"inLanguage\":\"fr-FR\",\"@id\":\"https:\\\/\\\/impactnettoyage.fr\\\/index.php\\\/services\\\/nettoyage-approfondi-des-moquettes\\\/#primaryimage\",\"url\":\"https:\\\/\\\/impactnettoyage.fr\\\/wp-content\\\/uploads\\\/2026\\\/01\\\/Raclette-vitre.png\",\"contentUrl\":\"https:\\\/\\\/impactnettoyage.fr\\\/wp-content\\\/uploads\\\/2026\\\/01\\\/Raclette-vitre.png\",\"width\":1536,\"height\":1024},{\"@type\":\"BreadcrumbList\",\"@id\":\"https:\\\/\\\/impactnettoyage.fr\\\/index.php\\\/services\\\/nettoyage-approfondi-des-moquettes\\\/#breadcrumb\",\"itemListElement\":[{\"@type\":\"ListItem\",\"position\":1,\"name\":\"Accueil\",\"item\":\"https:\\\/\\\/impactnettoyage.fr\\\/\"},{\"@type\":\"ListItem\",\"position\":2,\"name\":\"Services\",\"item\":\"https:\\\/\\\/impactnettoyage.fr\\\/index.php\\\/services\\\/\"},{\"@type\":\"ListItem\",\"position\":3,\"name\":\"Nettoyage approfondi des moquettes\"}]},{\"@type\":\"WebSite\",\"@id\":\"https:\\\/\\\/impactnettoyage.fr\\\/#website\",\"url\":\"https:\\\/\\\/impactnettoyage.fr\\\/\",\"name\":\"Impact Nettoyage\",\"description\":\"Nous soignons votre image, vous gagnez des opportunit\u00e9s\",\"potentialAction\":[{\"@type\":\"SearchAction\",\"target\":{\"@type\":\"EntryPoint\",\"urlTemplate\":\"https:\\\/\\\/impactnettoyage.fr\\\/?s={search_term_string}\"},\"query-input\":{\"@type\":\"PropertyValueSpecification\",\"valueRequired\":true,\"valueName\":\"search_term_string\"}}],\"inLanguage\":\"fr-FR\"}]}<\/script>\n<!-- \/ Yoast SEO plugin. -->","yoast_head_json":{"title":"Nettoyage approfondi des moquettes - Impact Nettoyage","description":"Moquettes ternes, taches qui reviennent, odeurs persistantes ? IMPACT NETTOYAGE nettoie \u00e0 la vapeur en profondeur, d\u00e9sinfecte sans chimie agressive, s\u00e9chage rapide. Prestataire local : devis rapide.","robots":{"index":"index","follow":"follow","max-snippet":"max-snippet:-1","max-image-preview":"max-image-preview:large","max-video-preview":"max-video-preview:-1"},"canonical":"https:\/\/impactnettoyage.fr\/index.php\/services\/nettoyage-approfondi-des-moquettes\/","og_locale":"fr_FR","og_type":"article","og_title":"Nettoyage approfondi des moquettes - Impact Nettoyage","og_description":"Moquettes ternes, taches qui reviennent, odeurs persistantes ? IMPACT NETTOYAGE nettoie \u00e0 la vapeur en profondeur, d\u00e9sinfecte sans chimie agressive, s\u00e9chage rapide. Prestataire local : devis rapide.","og_url":"https:\/\/impactnettoyage.fr\/index.php\/services\/nettoyage-approfondi-des-moquettes\/","og_site_name":"Impact Nettoyage","og_image":[{"width":1536,"height":1024,"url":"https:\/\/impactnettoyage.fr\/wp-content\/uploads\/2026\/01\/Raclette-vitre.png","type":"image\/png"}],"twitter_card":"summary_large_image","twitter_misc":{"Dur\u00e9e de lecture estim\u00e9e":"2 minutes"},"schema":{"@context":"https:\/\/schema.org","@graph":[{"@type":"WebPage","@id":"https:\/\/impactnettoyage.fr\/index.php\/services\/nettoyage-approfondi-des-moquettes\/","url":"https:\/\/impactnettoyage.fr\/index.php\/services\/nettoyage-approfondi-des-moquettes\/","name":"Nettoyage approfondi des moquettes - Impact Nettoyage","isPartOf":{"@id":"https:\/\/impactnettoyage.fr\/#website"},"primaryImageOfPage":{"@id":"https:\/\/impactnettoyage.fr\/index.php\/services\/nettoyage-approfondi-des-moquettes\/#primaryimage"},"image":{"@id":"https:\/\/impactnettoyage.fr\/index.php\/services\/nettoyage-approfondi-des-moquettes\/#primaryimage"},"thumbnailUrl":"https:\/\/impactnettoyage.fr\/wp-content\/uploads\/2026\/01\/Raclette-vitre.png","datePublished":"2026-01-30T12:36:47+00:00","description":"Moquettes ternes, taches qui reviennent, odeurs persistantes ? IMPACT NETTOYAGE nettoie \u00e0 la vapeur en profondeur, d\u00e9sinfecte sans chimie agressive, s\u00e9chage rapide. Prestataire local : devis rapide.","breadcrumb":{"@id":"https:\/\/impactnettoyage.fr\/index.php\/services\/nettoyage-approfondi-des-moquettes\/#breadcrumb"},"inLanguage":"fr-FR","potentialAction":[{"@type":"ReadAction","target":["https:\/\/impactnettoyage.fr\/index.php\/services\/nettoyage-approfondi-des-moquettes\/"]}]},{"@type":"ImageObject","inLanguage":"fr-FR","@id":"https:\/\/impactnettoyage.fr\/index.php\/services\/nettoyage-approfondi-des-moquettes\/#primaryimage","url":"https:\/\/impactnettoyage.fr\/wp-content\/uploads\/2026\/01\/Raclette-vitre.png","contentUrl":"https:\/\/impactnettoyage.fr\/wp-content\/uploads\/2026\/01\/Raclette-vitre.png","width":1536,"height":1024},{"@type":"BreadcrumbList","@id":"https:\/\/impactnettoyage.fr\/index.php\/services\/nettoyage-approfondi-des-moquettes\/#breadcrumb","itemListElement":[{"@type":"ListItem","position":1,"name":"Accueil","item":"https:\/\/impactnettoyage.fr\/"},{"@type":"ListItem","position":2,"name":"Services","item":"https:\/\/impactnettoyage.fr\/index.php\/services\/"},{"@type":"ListItem","position":3,"name":"Nettoyage approfondi des moquettes"}]},{"@type":"WebSite","@id":"https:\/\/impactnettoyage.fr\/#website","url":"https:\/\/impactnettoyage.fr\/","name":"Impact Nettoyage","description":"Nous soignons votre image, vous gagnez des opportunit\u00e9s","potentialAction":[{"@type":"SearchAction","target":{"@type":"EntryPoint","urlTemplate":"https:\/\/impactnettoyage.fr\/?s={search_term_string}"},"query-input":{"@type":"PropertyValueSpecification","valueRequired":true,"valueName":"search_term_string"}}],"inLanguage":"fr-FR"}]}},"_links":{"self":[{"href":"https:\/\/impactnettoyage.fr\/index.php\/wp-json\/wp\/v2\/pages\/5583","targetHints":{"allow":["GET"]}}],"collection":[{"href":"https:\/\/impactnettoyage.fr\/index.php\/wp-json\/wp\/v2\/pages"}],"about":[{"href":"https:\/\/impactnettoyage.fr\/index.php\/wp-json\/wp\/v2\/types\/page"}],"author":[{"embeddable":true,"href":"https:\/\/impactnettoyage.fr\/index.php\/wp-json\/wp\/v2\/users\/1"}],"replies":[{"embeddable":true,"href":"https:\/\/impactnettoyage.fr\/index.php\/wp-json\/wp\/v2\/comments?post=5583"}],"version-history":[{"count":1,"href":"https:\/\/impactnettoyage.fr\/index.php\/wp-json\/wp\/v2\/pages\/5583\/revisions"}],"predecessor-version":[{"id":5584,"href":"https:\/\/impactnettoyage.fr\/index.php\/wp-json\/wp\/v2\/pages\/5583\/revisions\/5584"}],"up":[{"embeddable":true,"href":"https:\/\/impactnettoyage.fr\/index.php\/wp-json\/wp\/v2\/pages\/14"}],"wp:featuredmedia":[{"embeddable":true,"href":"https:\/\/impactnettoyage.fr\/index.php\/wp-json\/wp\/v2\/media\/5542"}],"wp:attachment":[{"href":"https:\/\/impactnettoyage.fr\/index.php\/wp-json\/wp\/v2\/media?parent=5583"}],"curies":[{"name":"wp","href":"https:\/\/api.w.org\/{rel}","templated":true}]}}