{"id":5577,"date":"2026-01-30T12:47:25","date_gmt":"2026-01-30T11:47:25","guid":{"rendered":"https:\/\/impactnettoyage.fr\/?page_id=5577"},"modified":"2026-01-30T15:00:44","modified_gmt":"2026-01-30T14:00:44","slug":"nettoyage-des-vitres-en-hauteur","status":"publish","type":"page","link":"https:\/\/impactnettoyage.fr\/index.php\/services\/nettoyage-des-vitres-en-hauteur\/","title":{"rendered":"Nettoyage des vitres en hauteur"},"content":{"rendered":"<div class=\"fusion-fullwidth fullwidth-box fusion-builder-row-1 fusion-flex-container nonhundred-percent-fullwidth non-hundred-percent-height-scrolling\" style=\"--awb-border-radius-top-left:0px;--awb-border-radius-top-right:0px;--awb-border-radius-bottom-right:0px;--awb-border-radius-bottom-left:0px;--awb-padding-right:0px;--awb-padding-left:0px;--awb-flex-wrap:wrap;\" ><div class=\"fusion-builder-row fusion-row fusion-flex-align-items-flex-start fusion-flex-content-wrap\" style=\"max-width:1185.6px;margin-left: calc(-4% \/ 2 );margin-right: calc(-4% \/ 2 );\"><div class=\"fusion-layout-column fusion_builder_column fusion-builder-column-0 fusion_builder_column_1_1 1_1 fusion-flex-column fusion-animated\" style=\"--awb-padding-top:40px;--awb-padding-right:40px;--awb-padding-bottom:40px;--awb-padding-left:40px;--awb-overflow:hidden;--awb-bg-position:left center;--awb-bg-size:cover;--awb-border-radius:8px 8px 8px 8px;--awb-width-large:100%;--awb-margin-top-large:0px;--awb-spacing-right-large:1.92%;--awb-margin-bottom-large:30px;--awb-spacing-left-large:1.92%;--awb-width-medium:100%;--awb-spacing-right-medium:1.92%;--awb-spacing-left-medium:1.92%;--awb-width-small:100%;--awb-spacing-right-small:1.92%;--awb-spacing-left-small:1.92%;\" data-animationType=\"fadeInUp\" data-animationDuration=\"1.0\" data-animationOffset=\"top-into-view\"><div class=\"fusion-column-wrapper lazyload fusion-column-has-shadow fusion-flex-justify-content-center fusion-content-layout-column fusion-column-has-bg-image\" data-bg-url=\"https:\/\/impactnettoyage.fr\/wp-content\/uploads\/2020\/03\/24-hour-callout-background.jpg\" data-bg=\"https:\/\/impactnettoyage.fr\/wp-content\/uploads\/2020\/03\/24-hour-callout-background.jpg\"><div class=\"fusion-builder-row fusion-builder-row-inner fusion-row fusion-flex-align-items-flex-start fusion-flex-content-wrap\" style=\"width:104% !important;max-width:104% !important;margin-left: calc(-4% \/ 2 );margin-right: calc(-4% \/ 2 );\"><div class=\"fusion-layout-column fusion_builder_column_inner fusion-builder-nested-column-0 fusion_builder_column_inner_1_2 1_2 fusion-flex-column fusion-no-small-visibility fusion-no-medium-visibility\" style=\"--awb-bg-size:cover;--awb-width-large:50%;--awb-margin-top-large:0px;--awb-spacing-right-large:3.84%;--awb-margin-bottom-large:0px;--awb-spacing-left-large:3.84%;--awb-width-medium:100%;--awb-spacing-right-medium:1.92%;--awb-spacing-left-medium:1.92%;--awb-width-small:100%;--awb-spacing-right-small:1.92%;--awb-spacing-left-small:1.92%;\"><div class=\"fusion-column-wrapper fusion-column-has-shadow fusion-flex-justify-content-center fusion-content-layout-column\"><div class=\"fusion-title title fusion-title-1 fusion-sep-none fusion-title-text fusion-title-size-two\" style=\"--awb-text-color:var(--awb-color1);--awb-margin-top:0px;--awb-margin-bottom:0px;--awb-margin-top-small:0px;--awb-margin-bottom-small:0px;--awb-font-size:2.2em;\"><h2 class=\"fusion-title-heading title-heading-left fusion-responsive-typography-calculated\" style=\"margin:0;text-transform:capitalize;font-size:1em;--fontSize:35.2;line-height:1.2;\">Contactez nous<\/h2><\/div><\/div><\/div><div class=\"fusion-layout-column fusion_builder_column_inner fusion-builder-nested-column-1 fusion_builder_column_inner_1_2 1_2 fusion-flex-column fusion-no-small-visibility fusion-no-medium-visibility\" style=\"--awb-bg-size:cover;--awb-width-large:50%;--awb-margin-top-large:0px;--awb-spacing-right-large:3.84%;--awb-margin-bottom-large:0px;--awb-spacing-left-large:3.84%;--awb-width-medium:100%;--awb-spacing-right-medium:1.92%;--awb-spacing-left-medium:1.92%;--awb-width-small:100%;--awb-spacing-right-small:1.92%;--awb-spacing-left-small:1.92%;\"><div class=\"fusion-column-wrapper fusion-column-has-shadow fusion-flex-justify-content-center fusion-content-layout-column\"><div style=\"text-align:right;\"><a class=\"fusion-button button-flat fusion-button-default-size button-custom fusion-button-default button-1 fusion-button-default-span fusion-button-default-type\" style=\"--button_accent_color:var(--awb-color5);--button_border_color:var(--awb-color5);--button_accent_hover_color:var(--awb-color1);--button_border_hover_color:var(--awb-color1);--button_gradient_top_color:var(--awb-color1);--button_gradient_bottom_color:var(--awb-color1);--button_gradient_top_color_hover:var(--awb-color5);--button_gradient_bottom_color_hover:var(--awb-color5);\" target=\"_self\" title=\"Explore All Of Our Services\" aria-label=\"Explore All Of Our Services\"><span class=\"fusion-button-text awb-button__text awb-button__text--default\">06 23 79 65 07<\/span><\/a><\/div><\/div><\/div><\/div><div class=\"fusion-builder-row fusion-builder-row-inner fusion-row fusion-flex-align-items-flex-start fusion-flex-content-wrap\" style=\"width:104% !important;max-width:104% !important;margin-left: calc(-4% \/ 2 );margin-right: calc(-4% \/ 2 );\"><div class=\"fusion-layout-column fusion_builder_column_inner fusion-builder-nested-column-2 fusion_builder_column_inner_1_2 1_2 fusion-flex-column fusion-no-large-visibility\" style=\"--awb-bg-size:cover;--awb-width-large:50%;--awb-margin-top-large:0px;--awb-spacing-right-large:3.84%;--awb-margin-bottom-large:0px;--awb-spacing-left-large:3.84%;--awb-width-medium:100%;--awb-spacing-right-medium:1.92%;--awb-spacing-left-medium:1.92%;--awb-width-small:100%;--awb-spacing-right-small:1.92%;--awb-spacing-left-small:1.92%;\"><div class=\"fusion-column-wrapper fusion-column-has-shadow fusion-flex-justify-content-center fusion-content-layout-column\"><div class=\"fusion-title title fusion-title-2 fusion-sep-none fusion-title-center fusion-title-text fusion-title-size-two\" style=\"--awb-text-color:var(--awb-color1);--awb-margin-top:0px;--awb-margin-bottom:0px;--awb-margin-top-small:0px;--awb-margin-bottom-small:30px;--awb-margin-bottom-medium:20px;--awb-font-size:2.2em;\"><h2 class=\"fusion-title-heading title-heading-center fusion-responsive-typography-calculated\" style=\"margin:0;text-transform:capitalize;font-size:1em;--fontSize:35.2;line-height:1.2;\">Contactez nous<\/h2><\/div><\/div><\/div><div class=\"fusion-layout-column fusion_builder_column_inner fusion-builder-nested-column-3 fusion_builder_column_inner_1_2 1_2 fusion-flex-column fusion-no-large-visibility\" style=\"--awb-bg-size:cover;--awb-width-large:50%;--awb-margin-top-large:0px;--awb-spacing-right-large:3.84%;--awb-margin-bottom-large:0px;--awb-spacing-left-large:3.84%;--awb-width-medium:100%;--awb-spacing-right-medium:1.92%;--awb-spacing-left-medium:1.92%;--awb-width-small:100%;--awb-spacing-right-small:1.92%;--awb-spacing-left-small:1.92%;\"><div class=\"fusion-column-wrapper fusion-column-has-shadow fusion-flex-justify-content-center fusion-content-layout-column\"><div style=\"text-align:center;\"><a class=\"fusion-button button-flat fusion-button-default-size button-custom fusion-button-default button-2 fusion-button-default-span fusion-button-default-type\" style=\"--button_accent_color:var(--awb-color5);--button_border_color:var(--awb-color5);--button_accent_hover_color:var(--awb-color1);--button_border_hover_color:var(--awb-color1);--button_gradient_top_color:var(--awb-color1);--button_gradient_bottom_color:var(--awb-color1);--button_gradient_top_color_hover:var(--awb-color5);--button_gradient_bottom_color_hover:var(--awb-color5);\" target=\"_self\" title=\"Explore All Of Our Services\" aria-label=\"Explore All Of Our Services\"><span class=\"fusion-button-text awb-button__text awb-button__text--default\">06 23 79 65 07<\/span><\/a><\/div><\/div><\/div><\/div><\/div><\/div><div class=\"fusion-layout-column fusion_builder_column fusion-builder-column-1 fusion_builder_column_1_1 1_1 fusion-flex-column fusion-animated\" style=\"--awb-bg-size:cover;--awb-width-large:100%;--awb-margin-top-large:0px;--awb-spacing-right-large:1.92%;--awb-margin-bottom-large:20px;--awb-spacing-left-large:1.92%;--awb-width-medium:100%;--awb-spacing-right-medium:1.92%;--awb-spacing-left-medium:1.92%;--awb-width-small:100%;--awb-spacing-right-small:1.92%;--awb-spacing-left-small:1.92%;\" data-animationType=\"fadeInUp\" data-animationDuration=\"1.0\" data-animationOffset=\"top-into-view\"><div class=\"fusion-column-wrapper fusion-column-has-shadow fusion-flex-justify-content-flex-start fusion-content-layout-column\"><div class=\"fusion-image-element \" style=\"--awb-caption-title-font-family:var(--h2_typography-font-family);--awb-caption-title-font-weight:var(--h2_typography-font-weight);--awb-caption-title-font-style:var(--h2_typography-font-style);--awb-caption-title-size:var(--h2_typography-font-size);--awb-caption-title-transform:var(--h2_typography-text-transform);--awb-caption-title-line-height:var(--h2_typography-line-height);--awb-caption-title-letter-spacing:var(--h2_typography-letter-spacing);\"><span class=\" fusion-imageframe imageframe-none imageframe-1 hover-type-none\" style=\"border-radius:8px;\"><img decoding=\"async\" width=\"2560\" height=\"1920\" title=\"IMG_6628\" src=\"https:\/\/impactnettoyage.fr\/wp-content\/uploads\/2024\/04\/IMG_6628-scaled.jpeg\" data-orig-src=\"https:\/\/impactnettoyage.fr\/wp-content\/uploads\/2024\/04\/IMG_6628-scaled.jpeg\" alt class=\"lazyload img-responsive wp-image-1625\" srcset=\"data:image\/svg+xml,%3Csvg%20xmlns%3D%27http%3A%2F%2Fwww.w3.org%2F2000%2Fsvg%27%20width%3D%272560%27%20height%3D%271920%27%20viewBox%3D%270%200%202560%201920%27%3E%3Crect%20width%3D%272560%27%20height%3D%271920%27%20fill-opacity%3D%220%22%2F%3E%3C%2Fsvg%3E\" data-srcset=\"https:\/\/impactnettoyage.fr\/wp-content\/uploads\/2024\/04\/IMG_6628-200x150.jpeg 200w, https:\/\/impactnettoyage.fr\/wp-content\/uploads\/2024\/04\/IMG_6628-400x300.jpeg 400w, https:\/\/impactnettoyage.fr\/wp-content\/uploads\/2024\/04\/IMG_6628-600x450.jpeg 600w, https:\/\/impactnettoyage.fr\/wp-content\/uploads\/2024\/04\/IMG_6628-800x600.jpeg 800w, https:\/\/impactnettoyage.fr\/wp-content\/uploads\/2024\/04\/IMG_6628-1200x900.jpeg 1200w, https:\/\/impactnettoyage.fr\/wp-content\/uploads\/2024\/04\/IMG_6628-scaled.jpeg 2560w\" data-sizes=\"auto\" data-orig-sizes=\"(max-width: 1024px) 100vw, (max-width: 640px) 100vw, 1200px\" \/><\/span><\/div><div class=\"fusion-title title fusion-title-3 fusion-sep-none fusion-title-text fusion-title-size-three\" style=\"--awb-margin-top:40px;--awb-margin-bottom:30px;--awb-margin-top-small:40px;--awb-margin-bottom-small:30px;\"><h3 class=\"fusion-title-heading title-heading-left fusion-responsive-typography-calculated\" style=\"margin:0;text-transform:capitalize;--fontSize:28;line-height:1.2;\"><h2>Nettoyage des vitres en hauteur d&rsquo;entreprise, de magasin et d&rsquo;\u00e9tablissement publique.<\/h2><\/h3><\/div><div class=\"fusion-text fusion-text-1\"><p data-start=\"340\" data-end=\"925\">Pour un site professionnel, des vitres hautes propres ne sont pas un \u201cplus\u201d : c\u2019est un pr\u00e9requis d\u2019image. IMPACT NETTOYAGE \u00e9limine salissures et d\u00e9p\u00f4ts <strong data-start=\"522\" data-end=\"549\">sans produits chimiques<\/strong>. \u00a0Les surfaces vitr\u00e9es, joints, cadres et menuiseries sont <strong data-start=\"766\" data-end=\"779\">pr\u00e9serv\u00e9s<\/strong> gr\u00e2ce \u00e0 une m\u00e9thode <strong data-start=\"800\" data-end=\"816\">non abrasive<\/strong>. Vous gagnez une fa\u00e7ade nette, moderne, coh\u00e9rente avec les exigences d\u2019un \u00e9tablissement exigeant et visible.<\/p>\n<p data-start=\"927\" data-end=\"1579\" data-is-last-node=\"\" data-is-only-node=\"\">En hauteur, la diff\u00e9rence se joue aussi sur la logistique et le risque. La m\u00e9thode utilis\u00e9 permet souvent d\u2019intervenir <strong data-start=\"1051\" data-end=\"1082\">sans nacelle ni \u00e9chafaudage<\/strong>, avec un <strong data-start=\"1092\" data-end=\"1117\">travail depuis le sol<\/strong> : moins de danger humain, moins de contraintes sur site, et une intervention plus rapide. R\u00e9sultat : <strong data-start=\"1219\" data-end=\"1241\">moins de nuisances<\/strong>, une <strong data-start=\"1247\" data-end=\"1272\">continuit\u00e9 d\u2019activit\u00e9<\/strong> pour vos \u00e9quipes, clients ou occupants, et une prestation <strong data-start=\"1331\" data-end=\"1346\">silencieuse<\/strong> et propre. C\u2019est aussi une solution <strong data-start=\"1383\" data-end=\"1397\">\u00e9cologique<\/strong>, align\u00e9e avec une d\u00e9marche <strong data-start=\"1425\" data-end=\"1432\">RSE<\/strong>.<\/p>\n<\/div><\/div><\/div><\/div><\/div>\n","protected":false},"excerpt":{"rendered":"","protected":false},"author":1,"featured_media":1626,"parent":14,"menu_order":0,"comment_status":"closed","ping_status":"closed","template":"100-width.php","meta":{"footnotes":""},"class_list":["post-5577","page","type-page","status-publish","has-post-thumbnail","hentry"],"yoast_head":"<!-- This site is optimized with the Yoast SEO plugin v27.3 - https:\/\/yoast.com\/product\/yoast-seo-wordpress\/ -->\n<title>Nettoyage des vitres en hauteur - Impact Nettoyage<\/title>\n<meta name=\"description\" content=\"IMPACT NETTOYAGE : nettoyage de vitres professionnel pour entreprises, magasins et \u00e9tablissements publics. Prestations r\u00e9currentes, finitions soign\u00e9es, prestataire local r\u00e9actif. Devis rapide.\" \/>\n<meta name=\"robots\" content=\"index, follow, max-snippet:-1, max-image-preview:large, max-video-preview:-1\" \/>\n<link rel=\"canonical\" href=\"https:\/\/impactnettoyage.fr\/index.php\/services\/nettoyage-des-vitres-en-hauteur\/\" \/>\n<meta property=\"og:locale\" content=\"fr_FR\" \/>\n<meta property=\"og:type\" content=\"article\" \/>\n<meta property=\"og:title\" content=\"Nettoyage des vitres en hauteur - Impact Nettoyage\" \/>\n<meta property=\"og:description\" content=\"IMPACT NETTOYAGE : nettoyage de vitres professionnel pour entreprises, magasins et \u00e9tablissements publics. Prestations r\u00e9currentes, finitions soign\u00e9es, prestataire local r\u00e9actif. Devis rapide.\" \/>\n<meta property=\"og:url\" content=\"https:\/\/impactnettoyage.fr\/index.php\/services\/nettoyage-des-vitres-en-hauteur\/\" \/>\n<meta property=\"og:site_name\" content=\"Impact Nettoyage\" \/>\n<meta property=\"article:modified_time\" content=\"2026-01-30T14:00:44+00:00\" \/>\n<meta property=\"og:image\" content=\"https:\/\/impactnettoyage.fr\/wp-content\/uploads\/2024\/04\/IMG_6628-2-scaled.jpg\" \/>\n\t<meta property=\"og:image:width\" content=\"2560\" \/>\n\t<meta property=\"og:image:height\" content=\"1920\" \/>\n\t<meta property=\"og:image:type\" content=\"image\/jpeg\" \/>\n<meta name=\"twitter:card\" content=\"summary_large_image\" \/>\n<meta name=\"twitter:label1\" content=\"Dur\u00e9e de lecture estim\u00e9e\" \/>\n\t<meta name=\"twitter:data1\" content=\"2 minutes\" \/>\n<script type=\"application\/ld+json\" class=\"yoast-schema-graph\">{\"@context\":\"https:\\\/\\\/schema.org\",\"@graph\":[{\"@type\":\"WebPage\",\"@id\":\"https:\\\/\\\/impactnettoyage.fr\\\/index.php\\\/services\\\/nettoyage-des-vitres-en-hauteur\\\/\",\"url\":\"https:\\\/\\\/impactnettoyage.fr\\\/index.php\\\/services\\\/nettoyage-des-vitres-en-hauteur\\\/\",\"name\":\"Nettoyage des vitres en hauteur - Impact Nettoyage\",\"isPartOf\":{\"@id\":\"https:\\\/\\\/impactnettoyage.fr\\\/#website\"},\"primaryImageOfPage\":{\"@id\":\"https:\\\/\\\/impactnettoyage.fr\\\/index.php\\\/services\\\/nettoyage-des-vitres-en-hauteur\\\/#primaryimage\"},\"image\":{\"@id\":\"https:\\\/\\\/impactnettoyage.fr\\\/index.php\\\/services\\\/nettoyage-des-vitres-en-hauteur\\\/#primaryimage\"},\"thumbnailUrl\":\"https:\\\/\\\/impactnettoyage.fr\\\/wp-content\\\/uploads\\\/2024\\\/04\\\/IMG_6628-2-scaled.jpg\",\"datePublished\":\"2026-01-30T11:47:25+00:00\",\"dateModified\":\"2026-01-30T14:00:44+00:00\",\"description\":\"IMPACT NETTOYAGE : nettoyage de vitres professionnel pour entreprises, magasins et \u00e9tablissements publics. Prestations r\u00e9currentes, finitions soign\u00e9es, prestataire local r\u00e9actif. Devis rapide.\",\"breadcrumb\":{\"@id\":\"https:\\\/\\\/impactnettoyage.fr\\\/index.php\\\/services\\\/nettoyage-des-vitres-en-hauteur\\\/#breadcrumb\"},\"inLanguage\":\"fr-FR\",\"potentialAction\":[{\"@type\":\"ReadAction\",\"target\":[\"https:\\\/\\\/impactnettoyage.fr\\\/index.php\\\/services\\\/nettoyage-des-vitres-en-hauteur\\\/\"]}]},{\"@type\":\"ImageObject\",\"inLanguage\":\"fr-FR\",\"@id\":\"https:\\\/\\\/impactnettoyage.fr\\\/index.php\\\/services\\\/nettoyage-des-vitres-en-hauteur\\\/#primaryimage\",\"url\":\"https:\\\/\\\/impactnettoyage.fr\\\/wp-content\\\/uploads\\\/2024\\\/04\\\/IMG_6628-2-scaled.jpg\",\"contentUrl\":\"https:\\\/\\\/impactnettoyage.fr\\\/wp-content\\\/uploads\\\/2024\\\/04\\\/IMG_6628-2-scaled.jpg\",\"width\":2560,\"height\":1920},{\"@type\":\"BreadcrumbList\",\"@id\":\"https:\\\/\\\/impactnettoyage.fr\\\/index.php\\\/services\\\/nettoyage-des-vitres-en-hauteur\\\/#breadcrumb\",\"itemListElement\":[{\"@type\":\"ListItem\",\"position\":1,\"name\":\"Accueil\",\"item\":\"https:\\\/\\\/impactnettoyage.fr\\\/\"},{\"@type\":\"ListItem\",\"position\":2,\"name\":\"Services\",\"item\":\"https:\\\/\\\/impactnettoyage.fr\\\/index.php\\\/services\\\/\"},{\"@type\":\"ListItem\",\"position\":3,\"name\":\"Nettoyage des vitres en hauteur\"}]},{\"@type\":\"WebSite\",\"@id\":\"https:\\\/\\\/impactnettoyage.fr\\\/#website\",\"url\":\"https:\\\/\\\/impactnettoyage.fr\\\/\",\"name\":\"Impact Nettoyage\",\"description\":\"Nous soignons votre image, vous gagnez des opportunit\u00e9s\",\"potentialAction\":[{\"@type\":\"SearchAction\",\"target\":{\"@type\":\"EntryPoint\",\"urlTemplate\":\"https:\\\/\\\/impactnettoyage.fr\\\/?s={search_term_string}\"},\"query-input\":{\"@type\":\"PropertyValueSpecification\",\"valueRequired\":true,\"valueName\":\"search_term_string\"}}],\"inLanguage\":\"fr-FR\"}]}<\/script>\n<!-- \/ Yoast SEO plugin. -->","yoast_head_json":{"title":"Nettoyage des vitres en hauteur - Impact Nettoyage","description":"IMPACT NETTOYAGE : nettoyage de vitres professionnel pour entreprises, magasins et \u00e9tablissements publics. Prestations r\u00e9currentes, finitions soign\u00e9es, prestataire local r\u00e9actif. Devis rapide.","robots":{"index":"index","follow":"follow","max-snippet":"max-snippet:-1","max-image-preview":"max-image-preview:large","max-video-preview":"max-video-preview:-1"},"canonical":"https:\/\/impactnettoyage.fr\/index.php\/services\/nettoyage-des-vitres-en-hauteur\/","og_locale":"fr_FR","og_type":"article","og_title":"Nettoyage des vitres en hauteur - Impact Nettoyage","og_description":"IMPACT NETTOYAGE : nettoyage de vitres professionnel pour entreprises, magasins et \u00e9tablissements publics. Prestations r\u00e9currentes, finitions soign\u00e9es, prestataire local r\u00e9actif. Devis rapide.","og_url":"https:\/\/impactnettoyage.fr\/index.php\/services\/nettoyage-des-vitres-en-hauteur\/","og_site_name":"Impact Nettoyage","article_modified_time":"2026-01-30T14:00:44+00:00","og_image":[{"width":2560,"height":1920,"url":"https:\/\/impactnettoyage.fr\/wp-content\/uploads\/2024\/04\/IMG_6628-2-scaled.jpg","type":"image\/jpeg"}],"twitter_card":"summary_large_image","twitter_misc":{"Dur\u00e9e de lecture estim\u00e9e":"2 minutes"},"schema":{"@context":"https:\/\/schema.org","@graph":[{"@type":"WebPage","@id":"https:\/\/impactnettoyage.fr\/index.php\/services\/nettoyage-des-vitres-en-hauteur\/","url":"https:\/\/impactnettoyage.fr\/index.php\/services\/nettoyage-des-vitres-en-hauteur\/","name":"Nettoyage des vitres en hauteur - Impact Nettoyage","isPartOf":{"@id":"https:\/\/impactnettoyage.fr\/#website"},"primaryImageOfPage":{"@id":"https:\/\/impactnettoyage.fr\/index.php\/services\/nettoyage-des-vitres-en-hauteur\/#primaryimage"},"image":{"@id":"https:\/\/impactnettoyage.fr\/index.php\/services\/nettoyage-des-vitres-en-hauteur\/#primaryimage"},"thumbnailUrl":"https:\/\/impactnettoyage.fr\/wp-content\/uploads\/2024\/04\/IMG_6628-2-scaled.jpg","datePublished":"2026-01-30T11:47:25+00:00","dateModified":"2026-01-30T14:00:44+00:00","description":"IMPACT NETTOYAGE : nettoyage de vitres professionnel pour entreprises, magasins et \u00e9tablissements publics. Prestations r\u00e9currentes, finitions soign\u00e9es, prestataire local r\u00e9actif. Devis rapide.","breadcrumb":{"@id":"https:\/\/impactnettoyage.fr\/index.php\/services\/nettoyage-des-vitres-en-hauteur\/#breadcrumb"},"inLanguage":"fr-FR","potentialAction":[{"@type":"ReadAction","target":["https:\/\/impactnettoyage.fr\/index.php\/services\/nettoyage-des-vitres-en-hauteur\/"]}]},{"@type":"ImageObject","inLanguage":"fr-FR","@id":"https:\/\/impactnettoyage.fr\/index.php\/services\/nettoyage-des-vitres-en-hauteur\/#primaryimage","url":"https:\/\/impactnettoyage.fr\/wp-content\/uploads\/2024\/04\/IMG_6628-2-scaled.jpg","contentUrl":"https:\/\/impactnettoyage.fr\/wp-content\/uploads\/2024\/04\/IMG_6628-2-scaled.jpg","width":2560,"height":1920},{"@type":"BreadcrumbList","@id":"https:\/\/impactnettoyage.fr\/index.php\/services\/nettoyage-des-vitres-en-hauteur\/#breadcrumb","itemListElement":[{"@type":"ListItem","position":1,"name":"Accueil","item":"https:\/\/impactnettoyage.fr\/"},{"@type":"ListItem","position":2,"name":"Services","item":"https:\/\/impactnettoyage.fr\/index.php\/services\/"},{"@type":"ListItem","position":3,"name":"Nettoyage des vitres en hauteur"}]},{"@type":"WebSite","@id":"https:\/\/impactnettoyage.fr\/#website","url":"https:\/\/impactnettoyage.fr\/","name":"Impact Nettoyage","description":"Nous soignons votre image, vous gagnez des opportunit\u00e9s","potentialAction":[{"@type":"SearchAction","target":{"@type":"EntryPoint","urlTemplate":"https:\/\/impactnettoyage.fr\/?s={search_term_string}"},"query-input":{"@type":"PropertyValueSpecification","valueRequired":true,"valueName":"search_term_string"}}],"inLanguage":"fr-FR"}]}},"_links":{"self":[{"href":"https:\/\/impactnettoyage.fr\/index.php\/wp-json\/wp\/v2\/pages\/5577","targetHints":{"allow":["GET"]}}],"collection":[{"href":"https:\/\/impactnettoyage.fr\/index.php\/wp-json\/wp\/v2\/pages"}],"about":[{"href":"https:\/\/impactnettoyage.fr\/index.php\/wp-json\/wp\/v2\/types\/page"}],"author":[{"embeddable":true,"href":"https:\/\/impactnettoyage.fr\/index.php\/wp-json\/wp\/v2\/users\/1"}],"replies":[{"embeddable":true,"href":"https:\/\/impactnettoyage.fr\/index.php\/wp-json\/wp\/v2\/comments?post=5577"}],"version-history":[{"count":2,"href":"https:\/\/impactnettoyage.fr\/index.php\/wp-json\/wp\/v2\/pages\/5577\/revisions"}],"predecessor-version":[{"id":5585,"href":"https:\/\/impactnettoyage.fr\/index.php\/wp-json\/wp\/v2\/pages\/5577\/revisions\/5585"}],"up":[{"embeddable":true,"href":"https:\/\/impactnettoyage.fr\/index.php\/wp-json\/wp\/v2\/pages\/14"}],"wp:featuredmedia":[{"embeddable":true,"href":"https:\/\/impactnettoyage.fr\/index.php\/wp-json\/wp\/v2\/media\/1626"}],"wp:attachment":[{"href":"https:\/\/impactnettoyage.fr\/index.php\/wp-json\/wp\/v2\/media?parent=5577"}],"curies":[{"name":"wp","href":"https:\/\/api.w.org\/{rel}","templated":true}]}}